{"id":125,"date":"2026-03-26T09:26:47","date_gmt":"2026-03-26T08:26:47","guid":{"rendered":"https:\/\/srpssibrina.cz\/?page_id=125"},"modified":"2026-04-10T16:11:18","modified_gmt":"2026-04-10T14:11:18","slug":"uvod","status":"publish","type":"page","link":"https:\/\/srpssibrina.cz\/","title":{"rendered":"\u00davod"},"content":{"rendered":"\n<h2 class=\"wp-block-heading\"><strong>V\u00edt\u00e1me V\u00e1s na webu Spolku rodi\u010d\u016f a p\u0159\u00e1tel Z\u0160 a M\u0160 Sib\u0159ina.<\/strong><\/h2>\n\n\n\n<p>Spolek jsme zalo\u017eili v z\u00e1\u0159\u00ed roku 2023, kdy u\u017e jsme m\u011bli obsazeny prvn\u00ed \u010dty\u0159i ro\u010dn\u00edky na\u0161\u00ed nov\u00e9 z\u00e1kladn\u00ed \u0161koly v Sib\u0159in\u011b.<\/p>\n\n\n\n<p>Na\u0161\u00edm hlavn\u00edm c\u00edlem je pom\u00e1hat na\u0161\u00ed \u0161kolce a \u0161kole, rodi\u010d\u016fm i \u017e\u00e1k\u016fm. Heslem spolku je: <strong>SPOLE\u010cN\u011a PRO NA\u0160E D\u011aTI<\/strong>.<\/p>\n\n\n\n<p>Po\u0159\u00e1d\u00e1me n\u011bkolik akc\u00ed ro\u010dn\u011b a ze sv\u00e9ho rozpo\u010dtu pom\u00e1h\u00e1me dopl\u0148ovat z\u00e1zem\u00ed pro v\u00fduku, dru\u017einu a okol\u00ed \u0161koly. Jsme aktivn\u00ed spolek a neust\u00e1le hled\u00e1me dal\u0161\u00ed finance pro uskute\u010dn\u011bn\u00ed na\u0161ich c\u00edl\u016f.<\/p>\n\n\n\n<p>Z\u00e1kladn\u00ed \u0161kola Sib\u0159ina je obecn\u00ed \u0161kola rodinn\u00e9ho typu, kter\u00e1 zn\u00e1 sv\u016fj sm\u011br a c\u00edl.<\/p>\n\n\n\n<p>T\u00edm je vytvo\u0159it p\u0159irozen\u00e9, p\u0159\u00edjemn\u00e9 a inspirativn\u00ed prost\u0159ed\u00ed, kde se d\u011bti c\u00edt\u00ed bezpe\u010dn\u011b a dob\u0159e, jsou motivov\u00e1ny k sebevzd\u011bl\u00e1v\u00e1n\u00ed a kde se pln\u011b respektuj\u00ed jejich individu\u00e1ln\u00ed pot\u0159eby.<\/p>\n\n\n\n<p>Spolek tak\u00e9 aktivn\u011b spolupracuje s veden\u00edm \u0161koly.&nbsp;<\/p>\n\n\n\n<p><\/p>\n\n\n\n<p>T\u011b\u0161\u00edme se, \u017ee se potk\u00e1me v na\u0161\u00ed \u0161kolce, \u0161kole nebo na n\u011bkter\u00e9 z akc\u00ed spole\u010dn\u011b s na\u0161imi d\u011btmi.&nbsp;<\/p>\n\n\n\n<hr class=\"wp-block-separator has-alpha-channel-opacity\"\/>\n\n\n<ul class=\"wp-block-latest-posts__list is-grid columns-3 wp-block-latest-posts\"><li><div class=\"wp-block-latest-posts__featured-image\"><img loading=\"lazy\" decoding=\"async\" width=\"150\" height=\"150\" src=\"https:\/\/srpssibrina.cz\/wp-content\/uploads\/2026\/04\/unnamed2-150x150.jpg\" class=\"attachment-thumbnail size-thumbnail wp-post-image\" alt=\"\" style=\"\" srcset=\"https:\/\/srpssibrina.cz\/wp-content\/uploads\/2026\/04\/unnamed2-150x150.jpg 150w, https:\/\/srpssibrina.cz\/wp-content\/uploads\/2026\/04\/unnamed2-225x225.jpg 225w\" sizes=\"auto, (max-width: 150px) 100vw, 150px\" \/><\/div><a class=\"wp-block-latest-posts__post-title\" href=\"https:\/\/srpssibrina.cz\/?p=12261\">Sportovni den<\/a><div class=\"wp-block-latest-posts__post-excerpt\"><\/div><\/li>\n<\/ul>","protected":false},"excerpt":{"rendered":"<p>V\u00edt\u00e1me V\u00e1s na webu Spolku rodi\u010d\u016f a p\u0159\u00e1tel Z\u0160 a M\u0160 Sib\u0159ina. Spolek jsme zalo\u017eili v z\u00e1\u0159\u00ed roku 2023, kdy u\u017e jsme m\u011bli obsazeny prvn\u00ed \u010dty\u0159i ro\u010dn\u00edky na\u0161\u00ed nov\u00e9 z\u00e1kladn\u00ed &hellip;<br \/><a href=\"https:\/\/srpssibrina.cz\/\" class=\"more-link pen_button pen_element_default pen_icon_arrow_double\">Pokra\u010dovat ve\u00a0\u010dten\u00ed <span class=\"screen-reader-text\">\u00davod<\/span><\/a><\/p>\n","protected":false},"author":4,"featured_media":0,"parent":0,"menu_order":0,"comment_status":"closed","ping_status":"closed","template":"","meta":{"ngg_post_thumbnail":0,"footnotes":""},"class_list":["post-125","page","type-page","status-publish","hentry"],"yoast_head":"<!-- This site is optimized with the Yoast SEO plugin v27.3 - https:\/\/yoast.com\/product\/yoast-seo-wordpress\/ -->\n<title>\u00davod - SRP\u0160 Sib\u0159ina<\/title>\n<meta name=\"robots\" content=\"index, follow, max-snippet:-1, max-image-preview:large, max-video-preview:-1\" \/>\n<link rel=\"canonical\" href=\"https:\/\/srpssibrina.cz\/\" \/>\n<meta property=\"og:locale\" content=\"cs_CZ\" \/>\n<meta property=\"og:type\" content=\"article\" \/>\n<meta property=\"og:title\" content=\"\u00davod - SRP\u0160 Sib\u0159ina\" \/>\n<meta property=\"og:description\" content=\"V\u00edt\u00e1me V\u00e1s na webu Spolku rodi\u010d\u016f a p\u0159\u00e1tel Z\u0160 a M\u0160 Sib\u0159ina. Spolek jsme zalo\u017eili v z\u00e1\u0159\u00ed roku 2023, kdy u\u017e jsme m\u011bli obsazeny prvn\u00ed \u010dty\u0159i ro\u010dn\u00edky na\u0161\u00ed nov\u00e9 z\u00e1kladn\u00ed &hellip;Pokra\u010dovat ve\u00a0\u010dten\u00ed \u00davod\" \/>\n<meta property=\"og:url\" content=\"https:\/\/srpssibrina.cz\/\" \/>\n<meta property=\"og:site_name\" content=\"SRP\u0160 Sib\u0159ina\" \/>\n<meta property=\"article:publisher\" content=\"https:\/\/www.facebook.com\/61550791108673\/about\/\" \/>\n<meta property=\"article:modified_time\" content=\"2026-04-10T14:11:18+00:00\" \/>\n<meta name=\"twitter:card\" content=\"summary_large_image\" \/>\n<meta name=\"twitter:label1\" content=\"Odhadovan\u00e1 doba \u010dten\u00ed\" \/>\n\t<meta name=\"twitter:data1\" content=\"1 minuta\" \/>\n<script type=\"application\/ld+json\" class=\"yoast-schema-graph\">{\"@context\":\"https:\\\/\\\/schema.org\",\"@graph\":[{\"@type\":\"WebPage\",\"@id\":\"https:\\\/\\\/srpssibrina.cz\\\/\",\"url\":\"https:\\\/\\\/srpssibrina.cz\\\/\",\"name\":\"\u00davod - SRP\u0160 Sib\u0159ina\",\"isPartOf\":{\"@id\":\"https:\\\/\\\/srpssibrina.cz\\\/#website\"},\"datePublished\":\"2026-03-26T08:26:47+00:00\",\"dateModified\":\"2026-04-10T14:11:18+00:00\",\"breadcrumb\":{\"@id\":\"https:\\\/\\\/srpssibrina.cz\\\/#breadcrumb\"},\"inLanguage\":\"cs\",\"potentialAction\":[{\"@type\":\"ReadAction\",\"target\":[\"https:\\\/\\\/srpssibrina.cz\\\/\"]}]},{\"@type\":\"BreadcrumbList\",\"@id\":\"https:\\\/\\\/srpssibrina.cz\\\/#breadcrumb\",\"itemListElement\":[{\"@type\":\"ListItem\",\"position\":1,\"name\":\"Dom\u016f\",\"item\":\"https:\\\/\\\/srpssibrina.cz\\\/\"},{\"@type\":\"ListItem\",\"position\":2,\"name\":\"\u00davod\"}]},{\"@type\":\"WebSite\",\"@id\":\"https:\\\/\\\/srpssibrina.cz\\\/#website\",\"url\":\"https:\\\/\\\/srpssibrina.cz\\\/\",\"name\":\"SRP\u0160 Sib\u0159ina\",\"description\":\"V\u00edt\u00e1me V\u00e1s na str\u00e1nk\u00e1ch Spolku rodi\u010d\u016f a p\u0159\u00e1tel Z\u0160 a M\u0160 Sib\u0159ina\",\"potentialAction\":[{\"@type\":\"SearchAction\",\"target\":{\"@type\":\"EntryPoint\",\"urlTemplate\":\"https:\\\/\\\/srpssibrina.cz\\\/?s={search_term_string}\"},\"query-input\":{\"@type\":\"PropertyValueSpecification\",\"valueRequired\":true,\"valueName\":\"search_term_string\"}}],\"inLanguage\":\"cs\"}]}<\/script>\n<!-- \/ Yoast SEO plugin. -->","yoast_head_json":{"title":"\u00davod - SRP\u0160 Sib\u0159ina","robots":{"index":"index","follow":"follow","max-snippet":"max-snippet:-1","max-image-preview":"max-image-preview:large","max-video-preview":"max-video-preview:-1"},"canonical":"https:\/\/srpssibrina.cz\/","og_locale":"cs_CZ","og_type":"article","og_title":"\u00davod - SRP\u0160 Sib\u0159ina","og_description":"V\u00edt\u00e1me V\u00e1s na webu Spolku rodi\u010d\u016f a p\u0159\u00e1tel Z\u0160 a M\u0160 Sib\u0159ina. Spolek jsme zalo\u017eili v z\u00e1\u0159\u00ed roku 2023, kdy u\u017e jsme m\u011bli obsazeny prvn\u00ed \u010dty\u0159i ro\u010dn\u00edky na\u0161\u00ed nov\u00e9 z\u00e1kladn\u00ed &hellip;Pokra\u010dovat ve\u00a0\u010dten\u00ed \u00davod","og_url":"https:\/\/srpssibrina.cz\/","og_site_name":"SRP\u0160 Sib\u0159ina","article_publisher":"https:\/\/www.facebook.com\/61550791108673\/about\/","article_modified_time":"2026-04-10T14:11:18+00:00","twitter_card":"summary_large_image","twitter_misc":{"Odhadovan\u00e1 doba \u010dten\u00ed":"1 minuta"},"schema":{"@context":"https:\/\/schema.org","@graph":[{"@type":"WebPage","@id":"https:\/\/srpssibrina.cz\/","url":"https:\/\/srpssibrina.cz\/","name":"\u00davod - SRP\u0160 Sib\u0159ina","isPartOf":{"@id":"https:\/\/srpssibrina.cz\/#website"},"datePublished":"2026-03-26T08:26:47+00:00","dateModified":"2026-04-10T14:11:18+00:00","breadcrumb":{"@id":"https:\/\/srpssibrina.cz\/#breadcrumb"},"inLanguage":"cs","potentialAction":[{"@type":"ReadAction","target":["https:\/\/srpssibrina.cz\/"]}]},{"@type":"BreadcrumbList","@id":"https:\/\/srpssibrina.cz\/#breadcrumb","itemListElement":[{"@type":"ListItem","position":1,"name":"Dom\u016f","item":"https:\/\/srpssibrina.cz\/"},{"@type":"ListItem","position":2,"name":"\u00davod"}]},{"@type":"WebSite","@id":"https:\/\/srpssibrina.cz\/#website","url":"https:\/\/srpssibrina.cz\/","name":"SRP\u0160 Sib\u0159ina","description":"V\u00edt\u00e1me V\u00e1s na str\u00e1nk\u00e1ch Spolku rodi\u010d\u016f a p\u0159\u00e1tel Z\u0160 a M\u0160 Sib\u0159ina","potentialAction":[{"@type":"SearchAction","target":{"@type":"EntryPoint","urlTemplate":"https:\/\/srpssibrina.cz\/?s={search_term_string}"},"query-input":{"@type":"PropertyValueSpecification","valueRequired":true,"valueName":"search_term_string"}}],"inLanguage":"cs"}]}},"_links":{"self":[{"href":"https:\/\/srpssibrina.cz\/index.php?rest_route=\/wp\/v2\/pages\/125","targetHints":{"allow":["GET"]}}],"collection":[{"href":"https:\/\/srpssibrina.cz\/index.php?rest_route=\/wp\/v2\/pages"}],"about":[{"href":"https:\/\/srpssibrina.cz\/index.php?rest_route=\/wp\/v2\/types\/page"}],"author":[{"embeddable":true,"href":"https:\/\/srpssibrina.cz\/index.php?rest_route=\/wp\/v2\/users\/4"}],"replies":[{"embeddable":true,"href":"https:\/\/srpssibrina.cz\/index.php?rest_route=%2Fwp%2Fv2%2Fcomments&post=125"}],"version-history":[{"count":24,"href":"https:\/\/srpssibrina.cz\/index.php?rest_route=\/wp\/v2\/pages\/125\/revisions"}],"predecessor-version":[{"id":12268,"href":"https:\/\/srpssibrina.cz\/index.php?rest_route=\/wp\/v2\/pages\/125\/revisions\/12268"}],"wp:attachment":[{"href":"https:\/\/srpssibrina.cz\/index.php?rest_route=%2Fwp%2Fv2%2Fmedia&parent=125"}],"curies":[{"name":"wp","href":"https:\/\/api.w.org\/{rel}","templated":true}]}}