{"id":13,"date":"2023-09-26T09:32:22","date_gmt":"2023-09-26T09:32:22","guid":{"rendered":"http:\/\/srpssibrina.cz\/?page_id=13"},"modified":"2026-04-08T21:10:41","modified_gmt":"2026-04-08T19:10:41","slug":"kontakty","status":"publish","type":"page","link":"https:\/\/srpssibrina.cz\/?page_id=13","title":{"rendered":"Kontakty"},"content":{"rendered":"\n<h3 class=\"wp-block-heading\"><strong>Seznam deleg\u00e1t\u016f Spolku rodi\u010d\u016f a p\u0159\u00e1tel Z\u0160 a M\u0160 Sib\u0159ina rok 2025\/2026<\/strong><\/h3>\n\n\n\n<hr class=\"wp-block-separator has-alpha-channel-opacity\"\/>\n\n\n\n<p><\/p>\n\n\n\n<p><\/p>\n\n\n<div class=\"tmm tmm_delegati\"><div class=\"tmm_4_columns tmm_wrap tmm_plugin_f\"><span class=\"tmm_two_containers_tablet\"><\/span><div class=\"tmm_container\"><div class=\"tmm_member\" style=\"border-top:#8224e3 solid 5px;\"><div class=\"tmm_photo tmm_pic_delegati_0\" style=\"background: url(https:\/\/srpssibrina.cz\/wp-content\/uploads\/2024\/11\/Zuzana-Sittkova.jpg); margin-left: auto; margin-right:auto; background-size:cover !important;\"><\/div><div class=\"tmm_textblock\"><div class=\"tmm_names\"><span class=\"tmm_fname\">Zuzana<\/span> <span class=\"tmm_lname\">Sittkov\u00e1<\/span><\/div><div class=\"tmm_job\">M\u0160 1. t\u0159\u00edda \u2013 \u017eabi\u010dky<\/div><div class=\"tmm_desc\" style=\"text-align:\"><hr \/><p style=\"text-align: center\">mistopredseda@srpssibrina.cz<br \/>+420604700022<\/p><\/div><div class=\"tmm_scblock\"><\/div><\/div><\/div><div class=\"tmm_member\" style=\"border-top:#8224e3 solid 5px;\"><div class=\"tmm_photo tmm_pic_delegati_1\" style=\"background: url(https:\/\/srpssibrina.cz\/wp-content\/uploads\/2024\/11\/Katka.jpg); margin-left: auto; margin-right:auto; background-size:cover !important;\"><\/div><div class=\"tmm_textblock\"><div class=\"tmm_names\"><span class=\"tmm_fname\">Kate\u0159ina<\/span> <span class=\"tmm_lname\">Komancov\u00e1<\/span><\/div><div class=\"tmm_job\">M\u0160 2. t\u0159\u00edda \u2013 v\u010deli\u010dky<\/div><div class=\"tmm_desc\" style=\"text-align:\"><hr \/><p style=\"text-align: center\">katerina.komancova@value.cz<br \/>+420602485200<\/p><\/div><div class=\"tmm_scblock\"><\/div><\/div><\/div><span class=\"tmm_two_containers_tablet\"><\/span><div class=\"tmm_member\" style=\"border-top:#8224e3 solid 5px;\"><div class=\"tmm_photo tmm_pic_delegati_2\" style=\"background: url(https:\/\/srpssibrina.cz\/wp-content\/uploads\/2024\/11\/Dana-Dudkova.jpg); margin-left: auto; margin-right:auto; background-size:cover !important;\"><\/div><div class=\"tmm_textblock\"><div class=\"tmm_names\"><span class=\"tmm_fname\">Dana<\/span> <span class=\"tmm_lname\">Dudkov\u00e1<\/span><\/div><div class=\"tmm_job\">P\u0159\u00edpravn\u00e1 t\u0159\u00edda<\/div><div class=\"tmm_desc\" style=\"text-align:\"><hr \/><p style=\"text-align: center\">danca.dudkova@email.cz<br \/>+420606644619<\/p><\/div><div class=\"tmm_scblock\"><\/div><\/div><\/div><div class=\"tmm_member\" style=\"border-top:#8224e3 solid 5px;\"><div class=\"tmm_photo tmm_pic_delegati_3\" style=\"background: url(https:\/\/srpssibrina.cz\/wp-content\/uploads\/2024\/11\/Jakub-Lonek.jpg); margin-left: auto; margin-right:auto; background-size:cover !important;\"><\/div><div class=\"tmm_textblock\"><div class=\"tmm_names\"><span class=\"tmm_fname\">Jakub<\/span> <span class=\"tmm_lname\">Lonek<\/span><\/div><div class=\"tmm_job\">1.A<\/div><div class=\"tmm_desc\" style=\"text-align:\"><hr \/><p style=\"text-align: center\">jakub.lonek@seznam.cz<br \/>+420731670439<\/p><\/div><div class=\"tmm_scblock\"><\/div><\/div><\/div><span class=\"tmm_two_containers_tablet\"><\/span><\/div><span class=\"tmm_columns_containers_desktop\"><\/span><div class=\"tmm_container\"><div class=\"tmm_member\" style=\"border-top:#8224e3 solid 5px;\"><div class=\"tmm_photo tmm_pic_delegati_4\" style=\"background: url(https:\/\/srpssibrina.cz\/wp-content\/uploads\/2024\/11\/d4dbe341-8ca4-4ee6-9217-084a895e5fa4.jpg); margin-left: auto; margin-right:auto; background-size:cover !important;\"><\/div><div class=\"tmm_textblock\"><div class=\"tmm_names\"><span class=\"tmm_fname\">So\u0148a<\/span> <span class=\"tmm_lname\">Kubov\u00e1<\/span><\/div><div class=\"tmm_job\">2.A<\/div><div class=\"tmm_desc\" style=\"text-align:\"><hr \/><p style=\"text-align: center\">Sonakubova1@gmail.com<br \/>+4206053211864<\/p><\/div><div class=\"tmm_scblock\"><\/div><\/div><\/div><div class=\"tmm_member\" style=\"border-top:#8224e3 solid 5px;\"><div class=\"tmm_photo tmm_pic_delegati_5\" style=\"background: url(https:\/\/srpssibrina.cz\/wp-content\/uploads\/2024\/11\/Screenshot_20250206_211037.png); margin-left: auto; margin-right:auto; background-size:cover !important;\"><\/div><div class=\"tmm_textblock\"><div class=\"tmm_names\"><span class=\"tmm_fname\">Franti\u0161ek<\/span> <span class=\"tmm_lname\">P\u00e1nek<\/span><\/div><div class=\"tmm_job\">3.A <\/div><div class=\"tmm_desc\" style=\"text-align:\"><hr \/><p style=\"text-align: center\">predseda@srpssibrina.cz<br \/>+420731947681<\/p><\/div><div class=\"tmm_scblock\"><\/div><\/div><\/div><span class=\"tmm_two_containers_tablet\"><\/span><div class=\"tmm_member\" style=\"border-top:#8224e3 solid 5px;\"><div class=\"tmm_photo tmm_pic_delegati_6\" style=\"background: url(https:\/\/srpssibrina.cz\/wp-content\/uploads\/2024\/11\/Marie-Engstova.jpg); margin-left: auto; margin-right:auto; background-size:cover !important;\"><\/div><div class=\"tmm_textblock\"><div class=\"tmm_names\"><span class=\"tmm_fname\">Marie<\/span> <span class=\"tmm_lname\">Engstov\u00e1<\/span><\/div><div class=\"tmm_job\">4.A<\/div><div class=\"tmm_desc\" style=\"text-align:\"><hr \/><p style=\"text-align: center\">engstovamarie@gmail.com<br \/>+420734274318<\/p><\/div><div class=\"tmm_scblock\"><\/div><\/div><\/div><div class=\"tmm_member\" style=\"border-top:#8224e3 solid 5px;\"><div class=\"tmm_photo tmm_pic_delegati_7\" style=\"background: url(https:\/\/srpssibrina.cz\/wp-content\/uploads\/2024\/11\/Marketa-Klapkova-portret-2025-scaled.jpeg); margin-left: auto; margin-right:auto; background-size:cover !important;\"><\/div><div class=\"tmm_textblock\"><div class=\"tmm_names\"><span class=\"tmm_fname\">Mark\u00e9ta<\/span> <span class=\"tmm_lname\">Klapkov\u00e1<\/span><\/div><div class=\"tmm_job\">5.A <\/div><div class=\"tmm_desc\" style=\"text-align:\"><hr \/><p style=\"text-align: center\">mistopredseda@srpssibrina.cz<br \/>+420604700022<\/p><\/div><div class=\"tmm_scblock\"><\/div><\/div><\/div><span class=\"tmm_two_containers_tablet\"><\/span><\/div><span class=\"tmm_columns_containers_desktop\"><\/span><div class=\"tmm_container\"><div class=\"tmm_member\" style=\"border-top:#8224e3 solid 5px;\"><div class=\"tmm_photo tmm_pic_delegati_8\" style=\"background: url(https:\/\/srpssibrina.cz\/wp-content\/uploads\/2024\/11\/svetlana-scaled.jpg); margin-left: auto; margin-right:auto; background-size:cover !important;\"><\/div><div class=\"tmm_textblock\"><div class=\"tmm_names\"><span class=\"tmm_fname\">Sv\u011btlana<\/span> <span class=\"tmm_lname\">Jelisejeva<\/span><\/div><div class=\"tmm_job\">Hospod\u00e1\u0159<\/div><div class=\"tmm_desc\" style=\"text-align:\"><hr \/><p style=\"text-align: center\">svetucto@gmail.com<br \/>+420774628972<\/p><\/div><div class=\"tmm_scblock\"><\/div><\/div><\/div><div style=\"clear:both;\"><\/div><\/div><\/div><\/div>\n\n\n\n<p><\/p>\n\n\n\n<p><\/p>\n","protected":false},"excerpt":{"rendered":"<p>Seznam deleg\u00e1t\u016f Spolku rodi\u010d\u016f a p\u0159\u00e1tel Z\u0160 a M\u0160 Sib\u0159ina rok 2025\/2026<\/p>\n","protected":false},"author":1,"featured_media":0,"parent":0,"menu_order":0,"comment_status":"closed","ping_status":"open","template":"","meta":{"ngg_post_thumbnail":0,"footnotes":""},"class_list":["post-13","page","type-page","status-publish","hentry"],"yoast_head":"<!-- This site is optimized with the Yoast SEO plugin v27.3 - https:\/\/yoast.com\/product\/yoast-seo-wordpress\/ -->\n<title>Kontakty - SRP\u0160 Sib\u0159ina<\/title>\n<meta name=\"robots\" content=\"index, follow, max-snippet:-1, max-image-preview:large, max-video-preview:-1\" \/>\n<link rel=\"canonical\" href=\"https:\/\/srpssibrina.cz\/?page_id=13\" \/>\n<meta property=\"og:locale\" content=\"cs_CZ\" \/>\n<meta property=\"og:type\" content=\"article\" \/>\n<meta property=\"og:title\" content=\"Kontakty - SRP\u0160 Sib\u0159ina\" \/>\n<meta property=\"og:description\" content=\"Seznam deleg\u00e1t\u016f Spolku rodi\u010d\u016f a p\u0159\u00e1tel Z\u0160 a M\u0160 Sib\u0159ina rok 2025\/2026\" \/>\n<meta property=\"og:url\" content=\"https:\/\/srpssibrina.cz\/?page_id=13\" \/>\n<meta property=\"og:site_name\" content=\"SRP\u0160 Sib\u0159ina\" \/>\n<meta property=\"article:publisher\" content=\"https:\/\/www.facebook.com\/61550791108673\/about\/\" \/>\n<meta property=\"article:modified_time\" content=\"2026-04-08T19:10:41+00:00\" \/>\n<meta name=\"twitter:card\" content=\"summary_large_image\" \/>\n<meta name=\"twitter:label1\" content=\"Odhadovan\u00e1 doba \u010dten\u00ed\" \/>\n\t<meta name=\"twitter:data1\" content=\"1 minuta\" \/>\n<script type=\"application\/ld+json\" class=\"yoast-schema-graph\">{\"@context\":\"https:\\\/\\\/schema.org\",\"@graph\":[{\"@type\":\"WebPage\",\"@id\":\"https:\\\/\\\/srpssibrina.cz\\\/?page_id=13\",\"url\":\"https:\\\/\\\/srpssibrina.cz\\\/?page_id=13\",\"name\":\"Kontakty - SRP\u0160 Sib\u0159ina\",\"isPartOf\":{\"@id\":\"https:\\\/\\\/srpssibrina.cz\\\/#website\"},\"datePublished\":\"2023-09-26T09:32:22+00:00\",\"dateModified\":\"2026-04-08T19:10:41+00:00\",\"breadcrumb\":{\"@id\":\"https:\\\/\\\/srpssibrina.cz\\\/?page_id=13#breadcrumb\"},\"inLanguage\":\"cs\",\"potentialAction\":[{\"@type\":\"ReadAction\",\"target\":[\"https:\\\/\\\/srpssibrina.cz\\\/?page_id=13\"]}]},{\"@type\":\"BreadcrumbList\",\"@id\":\"https:\\\/\\\/srpssibrina.cz\\\/?page_id=13#breadcrumb\",\"itemListElement\":[{\"@type\":\"ListItem\",\"position\":1,\"name\":\"Dom\u016f\",\"item\":\"https:\\\/\\\/srpssibrina.cz\\\/\"},{\"@type\":\"ListItem\",\"position\":2,\"name\":\"Kontakty\"}]},{\"@type\":\"WebSite\",\"@id\":\"https:\\\/\\\/srpssibrina.cz\\\/#website\",\"url\":\"https:\\\/\\\/srpssibrina.cz\\\/\",\"name\":\"SRP\u0160 Sib\u0159ina\",\"description\":\"V\u00edt\u00e1me V\u00e1s na str\u00e1nk\u00e1ch Spolku rodi\u010d\u016f a p\u0159\u00e1tel Z\u0160 a M\u0160 Sib\u0159ina\",\"potentialAction\":[{\"@type\":\"SearchAction\",\"target\":{\"@type\":\"EntryPoint\",\"urlTemplate\":\"https:\\\/\\\/srpssibrina.cz\\\/?s={search_term_string}\"},\"query-input\":{\"@type\":\"PropertyValueSpecification\",\"valueRequired\":true,\"valueName\":\"search_term_string\"}}],\"inLanguage\":\"cs\"}]}<\/script>\n<!-- \/ Yoast SEO plugin. -->","yoast_head_json":{"title":"Kontakty - SRP\u0160 Sib\u0159ina","robots":{"index":"index","follow":"follow","max-snippet":"max-snippet:-1","max-image-preview":"max-image-preview:large","max-video-preview":"max-video-preview:-1"},"canonical":"https:\/\/srpssibrina.cz\/?page_id=13","og_locale":"cs_CZ","og_type":"article","og_title":"Kontakty - SRP\u0160 Sib\u0159ina","og_description":"Seznam deleg\u00e1t\u016f Spolku rodi\u010d\u016f a p\u0159\u00e1tel Z\u0160 a M\u0160 Sib\u0159ina rok 2025\/2026","og_url":"https:\/\/srpssibrina.cz\/?page_id=13","og_site_name":"SRP\u0160 Sib\u0159ina","article_publisher":"https:\/\/www.facebook.com\/61550791108673\/about\/","article_modified_time":"2026-04-08T19:10:41+00:00","twitter_card":"summary_large_image","twitter_misc":{"Odhadovan\u00e1 doba \u010dten\u00ed":"1 minuta"},"schema":{"@context":"https:\/\/schema.org","@graph":[{"@type":"WebPage","@id":"https:\/\/srpssibrina.cz\/?page_id=13","url":"https:\/\/srpssibrina.cz\/?page_id=13","name":"Kontakty - SRP\u0160 Sib\u0159ina","isPartOf":{"@id":"https:\/\/srpssibrina.cz\/#website"},"datePublished":"2023-09-26T09:32:22+00:00","dateModified":"2026-04-08T19:10:41+00:00","breadcrumb":{"@id":"https:\/\/srpssibrina.cz\/?page_id=13#breadcrumb"},"inLanguage":"cs","potentialAction":[{"@type":"ReadAction","target":["https:\/\/srpssibrina.cz\/?page_id=13"]}]},{"@type":"BreadcrumbList","@id":"https:\/\/srpssibrina.cz\/?page_id=13#breadcrumb","itemListElement":[{"@type":"ListItem","position":1,"name":"Dom\u016f","item":"https:\/\/srpssibrina.cz\/"},{"@type":"ListItem","position":2,"name":"Kontakty"}]},{"@type":"WebSite","@id":"https:\/\/srpssibrina.cz\/#website","url":"https:\/\/srpssibrina.cz\/","name":"SRP\u0160 Sib\u0159ina","description":"V\u00edt\u00e1me V\u00e1s na str\u00e1nk\u00e1ch Spolku rodi\u010d\u016f a p\u0159\u00e1tel Z\u0160 a M\u0160 Sib\u0159ina","potentialAction":[{"@type":"SearchAction","target":{"@type":"EntryPoint","urlTemplate":"https:\/\/srpssibrina.cz\/?s={search_term_string}"},"query-input":{"@type":"PropertyValueSpecification","valueRequired":true,"valueName":"search_term_string"}}],"inLanguage":"cs"}]}},"_links":{"self":[{"href":"https:\/\/srpssibrina.cz\/index.php?rest_route=\/wp\/v2\/pages\/13","targetHints":{"allow":["GET"]}}],"collection":[{"href":"https:\/\/srpssibrina.cz\/index.php?rest_route=\/wp\/v2\/pages"}],"about":[{"href":"https:\/\/srpssibrina.cz\/index.php?rest_route=\/wp\/v2\/types\/page"}],"author":[{"embeddable":true,"href":"https:\/\/srpssibrina.cz\/index.php?rest_route=\/wp\/v2\/users\/1"}],"replies":[{"embeddable":true,"href":"https:\/\/srpssibrina.cz\/index.php?rest_route=%2Fwp%2Fv2%2Fcomments&post=13"}],"version-history":[{"count":15,"href":"https:\/\/srpssibrina.cz\/index.php?rest_route=\/wp\/v2\/pages\/13\/revisions"}],"predecessor-version":[{"id":1047,"href":"https:\/\/srpssibrina.cz\/index.php?rest_route=\/wp\/v2\/pages\/13\/revisions\/1047"}],"wp:attachment":[{"href":"https:\/\/srpssibrina.cz\/index.php?rest_route=%2Fwp%2Fv2%2Fmedia&parent=13"}],"curies":[{"name":"wp","href":"https:\/\/api.w.org\/{rel}","templated":true}]}}