{"id":169,"date":"2023-09-27T16:43:15","date_gmt":"2023-09-27T16:43:15","guid":{"rendered":"https:\/\/srpssibrina.cz\/?page_id=169"},"modified":"2026-04-08T21:10:02","modified_gmt":"2026-04-08T19:10:02","slug":"ke-stazeni","status":"publish","type":"page","link":"https:\/\/srpssibrina.cz\/?page_id=169","title":{"rendered":"Ke sta\u017een\u00ed"},"content":{"rendered":"\n\t\t\t\t\t\t\t<h3 style=\"margin-bottom:20px;display:block;width:100%;margin-top:10px\">Dokumenty <\/h3>\r\n\t\t\t\t\t\t<style>\r\n\t\t\t\t<style>\r\n#wpsm_accordion_547 .wpsm_panel-heading{\r\n\tpadding:0px !important;\r\n}\r\n#wpsm_accordion_547 .wpsm_panel-title {\r\n\tmargin:0px !important; \r\n\ttext-transform:none !important;\r\n\tline-height: 1 !important;\r\n}\r\n#wpsm_accordion_547 .wpsm_panel-title a{\r\n\ttext-decoration:none;\r\n\toverflow:hidden;\r\n\tdisplay:block;\r\n\tpadding:0px;\r\n\tfont-size: 18px !important;\r\n\tfont-family: Open Sans !important;\r\n\tcolor:#000000 !important;\r\n\tborder-bottom:0px !important;\r\n}\r\n\r\n#wpsm_accordion_547 .wpsm_panel-title a:focus {\r\noutline: 0px !important;\r\n}\r\n\r\n#wpsm_accordion_547 .wpsm_panel-title a:hover, #wpsm_accordion_547 .wpsm_panel-title a:focus {\r\n\tcolor:#000000 !important;\r\n}\r\n#wpsm_accordion_547 .acc-a{\r\n\tcolor: #000000 !important;\r\n\tbackground-color:#e8e8e8 !important;\r\n\tborder-color: #ddd;\r\n}\r\n#wpsm_accordion_547 .wpsm_panel-default > .wpsm_panel-heading{\r\n\tcolor: #000000 !important;\r\n\tbackground-color: #e8e8e8 !important;\r\n\tborder-color: #e8e8e8 !important;\r\n\tborder-top-left-radius: 0px;\r\n\tborder-top-right-radius: 0px;\r\n}\r\n#wpsm_accordion_547 .wpsm_panel-default {\r\n\t\tborder:1px solid transparent !important;\r\n\t}\r\n#wpsm_accordion_547 {\r\n\tmargin-bottom: 20px;\r\n\toverflow: hidden;\r\n\tfloat: none;\r\n\twidth: 100%;\r\n\tdisplay: block;\r\n}\r\n#wpsm_accordion_547 .ac_title_class{\r\n\tdisplay: block;\r\n\tpadding-top: 12px;\r\n\tpadding-bottom: 12px;\r\n\tpadding-left: 15px;\r\n\tpadding-right: 15px;\r\n}\r\n#wpsm_accordion_547  .wpsm_panel {\r\n\toverflow:hidden;\r\n\t-webkit-box-shadow: 0 0px 0px rgba(0, 0, 0, .05);\r\n\tbox-shadow: 0 0px 0px rgba(0, 0, 0, .05);\r\n\t\tborder-radius: 4px;\r\n\t}\r\n#wpsm_accordion_547  .wpsm_panel + .wpsm_panel {\r\n\t\tmargin-top: 5px;\r\n\t}\r\n#wpsm_accordion_547  .wpsm_panel-body{\r\n\tbackground-color:#ffffff !important;\r\n\tcolor:#000000 !important;\r\n\tborder-top-color: #e8e8e8 !important;\r\n\tfont-size:16px !important;\r\n\tfont-family: Open Sans !important;\r\n\toverflow: hidden;\r\n\t\tborder: 2px solid #e8e8e8 !important;\r\n\t}\r\n\r\n#wpsm_accordion_547 .ac_open_cl_icon{\r\n\tbackground-color:#e8e8e8 !important;\r\n\tcolor: #000000 !important;\r\n\tfloat:right !important;\r\n\tpadding-top: 12px !important;\r\n\tpadding-bottom: 12px !important;\r\n\tline-height: 1.0 !important;\r\n\tpadding-left: 15px !important;\r\n\tpadding-right: 15px !important;\r\n\tdisplay: inline-block !important;\r\n}\r\n\r\n\t\t\t\r\n\t\t\t<\/style>\t\r\n\t\t\t<\/style>\r\n\t\t\t<div class=\"wpsm_panel-group\" id=\"wpsm_accordion_547\" >\r\n\t\t\t\t\t\t\t\t\r\n\t\t\t\t\t<!-- Inner panel Start -->\r\n\t\t\t\t\t<div class=\"wpsm_panel wpsm_panel-default\">\r\n\t\t\t\t\t\t<div class=\"wpsm_panel-heading\" role=\"tab\" >\r\n\t\t\t\t\t\t  <h4 class=\"wpsm_panel-title\">\r\n\t\t\t\t\t\t\t<a  class=\"\"  data-toggle=\"collapse\" data-parent=\"#wpsm_accordion_547 \" href=\"javascript:void(0)\" data-target=\"#ac_547_collapse1\" onclick=\"do_resize()\">\r\n\t\t\t\t\t\t\t\t\t\t\t\t\t\t\t\t\t<span class=\"ac_open_cl_icon fa fa-plus\"><\/span>\r\n\t\t\t\t\t\t\t\t\t\r\n\t\t\t\t\t\t\t\t \r\n\t\t\t\t\t\t\t\t<span class=\"ac_title_class\">\r\n\t\t\t\t\t\t\t\t\t\t\t\t\t\t\t\t\t\t\t\t<span style=\"margin-right:6px;\" class=\"fa fa-book\"><\/span>\r\n\t\t\t\t\t\t\t\t\tObecn\u00e9\t\t\t\t\t\t\t\t<\/span>\r\n\t\t\t\t\t\t\t<\/a>\r\n\t\t\t\t\t\t  <\/h4>\r\n\t\t\t\t\t\t<\/div>\r\n\t\t\t\t\t\t<div id=\"ac_547_collapse1\" class=\"wpsm_panel-collapse collapse \"  >\r\n\t\t\t\t\t\t  <div class=\"wpsm_panel-body\">\r\n\t\t\t\t\t\t\t<ul>\r\n \t<li><a href=\"http:\/\/srpssibrina.cz\/wp-content\/uploads\/2023\/09\/PRIHLASKA_hlavickovy_papir_SRPS_v04_FINAL_DEF.docx\">P\u0159ihl\u00e1\u0161ka do Spolku<\/a><\/li>\r\n \t<li><a href=\"http:\/\/srpssibrina.cz\/platba\/\">Platba p\u0159\u00edsp\u011bvku<\/a><\/li>\r\n \t<li><a href=\"http:\/\/srpssibrina.cz\/wp-content\/uploads\/2023\/09\/Prezentacni-material-spolku.pdf\">Prezenta\u010dn\u00ed materi\u00e1l Spolku<\/a><\/li>\r\n \t<li><a href=\"http:\/\/srpssibrina.cz\/wp-content\/uploads\/2023\/09\/Stanovy-SRPS-Sibtina-09-2023.pdf\">Stanovy Spolku<\/a><\/li>\r\n \t<li><a href=\"http:\/\/srpssibrina.cz\/wp-content\/uploads\/2023\/09\/Letak_na_schuzy_SRPS_02DEF_LOGFINALE.pdf\">Dopis rodi\u010d\u016fm z t\u0159\u00eddn\u00edch sch\u016fzek<\/a><\/li>\r\n \t<li><a href=\"http:\/\/srpssibrina.cz\/wp-content\/uploads\/2023\/11\/Rozpocet-SRPS-20232024.xlsx\">Rozpo\u010det Spolku na dan\u00fd \u0161koln\u00ed rok<\/a><\/li>\r\n<\/ul>\r\n\u00a0\t\t\t\t\t\t  <\/div>\r\n\t\t\t\t\t\t<\/div>\r\n\t\t\t\t\t<\/div>\r\n\t\t\t\t\t<!-- Inner panel End -->\r\n\t\t\t\t\t\r\n\t\t\t\t\t\t\t\t\r\n\t\t\t\t\t<!-- Inner panel Start -->\r\n\t\t\t\t\t<div class=\"wpsm_panel wpsm_panel-default\">\r\n\t\t\t\t\t\t<div class=\"wpsm_panel-heading\" role=\"tab\" >\r\n\t\t\t\t\t\t  <h4 class=\"wpsm_panel-title\">\r\n\t\t\t\t\t\t\t<a  class=\"collapsed\"  data-toggle=\"collapse\" data-parent=\"#wpsm_accordion_547 \" href=\"javascript:void(0)\" data-target=\"#ac_547_collapse2\" onclick=\"do_resize()\">\r\n\t\t\t\t\t\t\t\t\t\t\t\t\t\t\t\t\t<span class=\"ac_open_cl_icon fa fa-plus\"><\/span>\r\n\t\t\t\t\t\t\t\t\t\r\n\t\t\t\t\t\t\t\t \r\n\t\t\t\t\t\t\t\t<span class=\"ac_title_class\">\r\n\t\t\t\t\t\t\t\t\t\t\t\t\t\t\t\t\t\t\t\t<span style=\"margin-right:6px;\" class=\"fa fa-euro\"><\/span>\r\n\t\t\t\t\t\t\t\t\tHospoda\u0159en\u00ed spolku v roce 2023\t\t\t\t\t\t\t\t<\/span>\r\n\t\t\t\t\t\t\t<\/a>\r\n\t\t\t\t\t\t  <\/h4>\r\n\t\t\t\t\t\t<\/div>\r\n\t\t\t\t\t\t<div id=\"ac_547_collapse2\" class=\"wpsm_panel-collapse collapse \"  >\r\n\t\t\t\t\t\t  <div class=\"wpsm_panel-body\">\r\n\t\t\t\t\t\t\t<ul>\r\n \t<li><a href=\"http:\/\/srpssibrina.cz\/wp-content\/uploads\/2024\/02\/Vysledovka_analyticky.pdf\">V\u00fdsledov\u00e1 anal\u00fdza 2023<\/a><\/li>\r\n \t<li><a href=\"http:\/\/srpssibrina.cz\/wp-content\/uploads\/2024\/02\/Vykaz_zisku_a_ztraty_ve_zkracenem_rozsahu-2023.pdf\">Vy\u0301kaz zisku a ztra\u0301ty ve zkra\u0301cene\u0301m rozsahu 2023<\/a><\/li>\r\n \t<li><a href=\"http:\/\/srpssibrina.cz\/wp-content\/uploads\/2024\/02\/Vykaz_zisku_a_ztraty_ve_zkracenem_rozsahu-2023-zaok.pdf\">Vy\u0301kaz zisku a ztra\u0301ty ve zkra\u0301cene\u0301m rozsahu 2023 zaok<\/a><\/li>\r\n \t<li><a href=\"http:\/\/srpssibrina.cz\/wp-content\/uploads\/2024\/02\/Rozvaha_analyticky.pdf\">Rozvaha analyticky<\/a><\/li>\r\n<\/ul>\t\t\t\t\t\t  <\/div>\r\n\t\t\t\t\t\t<\/div>\r\n\t\t\t\t\t<\/div>\r\n\t\t\t\t\t<!-- Inner panel End -->\r\n\t\t\t\t\t\r\n\t\t\t\t\t\t\t\t\r\n\t\t\t\t\t<!-- Inner panel Start -->\r\n\t\t\t\t\t<div class=\"wpsm_panel wpsm_panel-default\">\r\n\t\t\t\t\t\t<div class=\"wpsm_panel-heading\" role=\"tab\" >\r\n\t\t\t\t\t\t  <h4 class=\"wpsm_panel-title\">\r\n\t\t\t\t\t\t\t<a  class=\"collapsed\"  data-toggle=\"collapse\" data-parent=\"#wpsm_accordion_547 \" href=\"javascript:void(0)\" data-target=\"#ac_547_collapse3\" onclick=\"do_resize()\">\r\n\t\t\t\t\t\t\t\t\t\t\t\t\t\t\t\t\t<span class=\"ac_open_cl_icon fa fa-plus\"><\/span>\r\n\t\t\t\t\t\t\t\t\t\r\n\t\t\t\t\t\t\t\t \r\n\t\t\t\t\t\t\t\t<span class=\"ac_title_class\">\r\n\t\t\t\t\t\t\t\t\t\t\t\t\t\t\t\t\t\t\t\t<span style=\"margin-right:6px;\" class=\"fa fa-euro\"><\/span>\r\n\t\t\t\t\t\t\t\t\tHospoda\u0159en\u00ed spolku v roce 2024\t\t\t\t\t\t\t\t<\/span>\r\n\t\t\t\t\t\t\t<\/a>\r\n\t\t\t\t\t\t  <\/h4>\r\n\t\t\t\t\t\t<\/div>\r\n\t\t\t\t\t\t<div id=\"ac_547_collapse3\" class=\"wpsm_panel-collapse collapse \"  >\r\n\t\t\t\t\t\t  <div class=\"wpsm_panel-body\">\r\n\t\t\t\t\t\t\t<ul>\r\n \t<li><a href=\"https:\/\/srpssibrina.cz\/wp-content\/uploads\/2024\/12\/SRPS_Sibria_Vyhled_plan_rozpocetu-2024_2025_03DEF.pdf\">V\u00fdhled - pl\u00e1n rozpo\u010dtu 2024\/2025<\/a><\/li>\r\n\r\n \t<li><a href=\"https:\/\/srpssibrina.cz\/wp-content\/uploads\/2024\/12\/SRPS_Sibrina_Vyuctovani_rzopocet_2023_2024_01FINAL.pdf\">Vy\u016f\u010dtov\u00e1n\u00ed a rozpo\u010det 2024\/2025<\/a><\/li>\r\n\r\n \t<li><a href=\"https:\/\/srpssibrina.cz\/wp-content\/uploads\/2024\/12\/SRPS_Zapis_clen_schuze_c2_16_11_2024_03FIN.pdf\">Z\u00e1pis 2.\u010dlensk\u00e9 sch\u016fze - 16.11.2024<\/a><\/li>\r\n\r\n \t<li><a href=\"https:\/\/srpssibrina.cz\/wp-content\/uploads\/2025\/04\/Vykaz_zisku_a_ztraty_ve_zkracenem_rozsahu.pdf\">V\u00fdkaz zisku a ztr\u00e1ty ve zkr\u00e1cen\u00e9m rozsahu<\/a><\/li>\r\n\r\n \t<li><a href=\"https:\/\/srpssibrina.cz\/wp-content\/uploads\/2025\/04\/Rozvaha_ve_zkracenem_rozsahu.pdf\">Rozvaha ve zkr\u00e1cen\u00e9m rozsahu<\/a><\/li>\r\n\r\n<\/ul>\t\t\t\t\t\t  <\/div>\r\n\t\t\t\t\t\t<\/div>\r\n\t\t\t\t\t<\/div>\r\n\t\t\t\t\t<!-- Inner panel End -->\r\n\t\t\t\t\t\r\n\t\t\t\t\t\t\t\t\r\n\t\t\t\t\t<!-- Inner panel Start -->\r\n\t\t\t\t\t<div class=\"wpsm_panel wpsm_panel-default\">\r\n\t\t\t\t\t\t<div class=\"wpsm_panel-heading\" role=\"tab\" >\r\n\t\t\t\t\t\t  <h4 class=\"wpsm_panel-title\">\r\n\t\t\t\t\t\t\t<a  class=\"collapsed\"  data-toggle=\"collapse\" data-parent=\"#wpsm_accordion_547 \" href=\"javascript:void(0)\" data-target=\"#ac_547_collapse4\" onclick=\"do_resize()\">\r\n\t\t\t\t\t\t\t\t\t\t\t\t\t\t\t\t\t<span class=\"ac_open_cl_icon fa fa-plus\"><\/span>\r\n\t\t\t\t\t\t\t\t\t\r\n\t\t\t\t\t\t\t\t \r\n\t\t\t\t\t\t\t\t<span class=\"ac_title_class\">\r\n\t\t\t\t\t\t\t\t\t\t\t\t\t\t\t\t\t\t\t\t<span style=\"margin-right:6px;\" class=\"fa fa-group\"><\/span>\r\n\t\t\t\t\t\t\t\t\t\u010clensk\u00e9 sch\u016fze\t\t\t\t\t\t\t\t<\/span>\r\n\t\t\t\t\t\t\t<\/a>\r\n\t\t\t\t\t\t  <\/h4>\r\n\t\t\t\t\t\t<\/div>\r\n\t\t\t\t\t\t<div id=\"ac_547_collapse4\" class=\"wpsm_panel-collapse collapse \"  >\r\n\t\t\t\t\t\t  <div class=\"wpsm_panel-body\">\r\n\t\t\t\t\t\t\t<ul>\r\n \t<li><a href=\"http:\/\/srpssibrina.cz\/wp-content\/uploads\/2023\/11\/SRPS-Zapis_clen_schuze_c1_08_11_2023.pdf\">Z\u00e1pis \u010dlensk\u00e9 sch\u016fze \u2013 8.11.2023<\/a><\/li>\r\n\r\n \t<li><a href=\"https:\/\/srpssibrina.cz\/wp-content\/uploads\/2024\/11\/SRPS_Zapis_clen_schuze_c2_16_11_2024_02FIN.pdf\">Z\u00e1pis \u010dlensk\u00e9 sch\u016fze \u2013 16.11.2024<\/a><\/li>\r\n\r\n \t<li><a href=\"https:\/\/srpssibrina.cz\/wp-content\/uploads\/2025\/12\/SRPS_Zapis_clenska_schuze_c3_24_11_2025_03DEF.pdf\">Z\u00e1pis \u010dlensk\u00e9 sch\u016fze \u2013 24.11.2025<\/a><\/li>\r\n\r\n<\/ul>\r\n\r\n\r\n\t\t\t\t\t\t  <\/div>\r\n\t\t\t\t\t\t<\/div>\r\n\t\t\t\t\t<\/div>\r\n\t\t\t\t\t<!-- Inner panel End -->\r\n\t\t\t\t\t\r\n\t\t\t\t\t\t\t\t\r\n\t\t\t\t\t<!-- Inner panel Start -->\r\n\t\t\t\t\t<div class=\"wpsm_panel wpsm_panel-default\">\r\n\t\t\t\t\t\t<div class=\"wpsm_panel-heading\" role=\"tab\" >\r\n\t\t\t\t\t\t  <h4 class=\"wpsm_panel-title\">\r\n\t\t\t\t\t\t\t<a  class=\"collapsed\"  data-toggle=\"collapse\" data-parent=\"#wpsm_accordion_547 \" href=\"javascript:void(0)\" data-target=\"#ac_547_collapse5\" onclick=\"do_resize()\">\r\n\t\t\t\t\t\t\t\t\t\t\t\t\t\t\t\t\t<span class=\"ac_open_cl_icon fa fa-plus\"><\/span>\r\n\t\t\t\t\t\t\t\t\t\r\n\t\t\t\t\t\t\t\t \r\n\t\t\t\t\t\t\t\t<span class=\"ac_title_class\">\r\n\t\t\t\t\t\t\t\t\t\t\t\t\t\t\t\t\t\t\t\t<span style=\"margin-right:6px;\" class=\"fa fa-laptop\"><\/span>\r\n\t\t\t\t\t\t\t\t\tHospoda\u0159en\u00ed spolku v roce 2025\t\t\t\t\t\t\t\t<\/span>\r\n\t\t\t\t\t\t\t<\/a>\r\n\t\t\t\t\t\t  <\/h4>\r\n\t\t\t\t\t\t<\/div>\r\n\t\t\t\t\t\t<div id=\"ac_547_collapse5\" class=\"wpsm_panel-collapse collapse \"  >\r\n\t\t\t\t\t\t  <div class=\"wpsm_panel-body\">\r\n\t\t\t\t\t\t\t<ul>\r\n \t<li><a href=\"https:\/\/srpssibrina.cz\/wp-content\/uploads\/2026\/04\/finale-00_SRPS_Vyuctovani-dotace_2025_rev01sign.pdf\">Vyuctovani dotace 2025<\/a><\/li>\r\n \t<li><a href=\"https:\/\/srpssibrina.cz\/wp-content\/uploads\/2026\/04\/Pohyb_na_uctech.pdf\">Pohyb na u\u0301c\u030ctech<\/a><\/li>\r\n \t<li><a href=\"https:\/\/srpssibrina.cz\/wp-content\/uploads\/2026\/04\/Rozvaha_ve_zkracenem_rozsahu.pdf\">Rozvaha ve zkra\u0301cene\u0301m rozsahu<\/a><\/li>\r\n \t<li><a href=\"https:\/\/srpssibrina.cz\/wp-content\/uploads\/2026\/04\/Vykaz_zisku_a_ztraty_ve_zkracenem_rozsahu.pdf\">Vy\u0301kaz zisku a ztra\u0301ty ve zkra\u0301cene\u0301m rozsahu<\/a><\/li>\t\t\t\t\t\t  <\/div>\r\n\t\t\t\t\t\t<\/div>\r\n\t\t\t\t\t<\/div>\r\n\t\t\t\t\t<!-- Inner panel End -->\r\n\t\t\t\t\t\r\n\t\t\t\t\t\t\t<\/div>\r\n\t\t\t\r\n<script type=\"text\/javascript\">\r\n\t\r\n\t\tfunction do_resize(){\r\n\r\n\t\t\tvar width=jQuery( '.wpsm_panel .wpsm_panel-body iframe' ).width();\r\n\t\t\tvar height=jQuery( '.wpsm_panel .wpsm_panel-body iframe' ).height();\r\n\r\n\t\t\tvar toggleSize = true;\r\n\t\t\tjQuery('iframe').animate({\r\n\t\t\t    width: toggleSize ? width : 640,\r\n\t\t\t    height: toggleSize ? height : 360\r\n\t\t\t  }, 250);\r\n\r\n\t\t\t  toggleSize = !toggleSize;\r\n\t\t}\r\n\t\t\r\n<\/script>\t\n","protected":false},"excerpt":{"rendered":"","protected":false},"author":1,"featured_media":0,"parent":0,"menu_order":0,"comment_status":"closed","ping_status":"closed","template":"","meta":{"ngg_post_thumbnail":0,"footnotes":""},"class_list":["post-169","page","type-page","status-publish","hentry"],"yoast_head":"<!-- This site is optimized with the Yoast SEO plugin v27.3 - https:\/\/yoast.com\/product\/yoast-seo-wordpress\/ -->\n<title>Ke sta\u017een\u00ed - SRP\u0160 Sib\u0159ina<\/title>\n<meta name=\"robots\" content=\"index, follow, max-snippet:-1, max-image-preview:large, max-video-preview:-1\" \/>\n<link rel=\"canonical\" href=\"https:\/\/srpssibrina.cz\/?page_id=169\" \/>\n<meta property=\"og:locale\" content=\"cs_CZ\" \/>\n<meta property=\"og:type\" content=\"article\" \/>\n<meta property=\"og:title\" content=\"Ke sta\u017een\u00ed - SRP\u0160 Sib\u0159ina\" \/>\n<meta property=\"og:url\" content=\"https:\/\/srpssibrina.cz\/?page_id=169\" \/>\n<meta property=\"og:site_name\" content=\"SRP\u0160 Sib\u0159ina\" \/>\n<meta property=\"article:publisher\" content=\"https:\/\/www.facebook.com\/61550791108673\/about\/\" \/>\n<meta property=\"article:modified_time\" content=\"2026-04-08T19:10:02+00:00\" \/>\n<meta name=\"twitter:card\" content=\"summary_large_image\" \/>\n<meta name=\"twitter:label1\" content=\"Odhadovan\u00e1 doba \u010dten\u00ed\" \/>\n\t<meta name=\"twitter:data1\" content=\"1 minuta\" \/>\n<script type=\"application\/ld+json\" class=\"yoast-schema-graph\">{\"@context\":\"https:\\\/\\\/schema.org\",\"@graph\":[{\"@type\":\"WebPage\",\"@id\":\"https:\\\/\\\/srpssibrina.cz\\\/?page_id=169\",\"url\":\"https:\\\/\\\/srpssibrina.cz\\\/?page_id=169\",\"name\":\"Ke sta\u017een\u00ed - SRP\u0160 Sib\u0159ina\",\"isPartOf\":{\"@id\":\"https:\\\/\\\/srpssibrina.cz\\\/#website\"},\"datePublished\":\"2023-09-27T16:43:15+00:00\",\"dateModified\":\"2026-04-08T19:10:02+00:00\",\"breadcrumb\":{\"@id\":\"https:\\\/\\\/srpssibrina.cz\\\/?page_id=169#breadcrumb\"},\"inLanguage\":\"cs\",\"potentialAction\":[{\"@type\":\"ReadAction\",\"target\":[\"https:\\\/\\\/srpssibrina.cz\\\/?page_id=169\"]}]},{\"@type\":\"BreadcrumbList\",\"@id\":\"https:\\\/\\\/srpssibrina.cz\\\/?page_id=169#breadcrumb\",\"itemListElement\":[{\"@type\":\"ListItem\",\"position\":1,\"name\":\"Dom\u016f\",\"item\":\"https:\\\/\\\/srpssibrina.cz\\\/\"},{\"@type\":\"ListItem\",\"position\":2,\"name\":\"Ke sta\u017een\u00ed\"}]},{\"@type\":\"WebSite\",\"@id\":\"https:\\\/\\\/srpssibrina.cz\\\/#website\",\"url\":\"https:\\\/\\\/srpssibrina.cz\\\/\",\"name\":\"SRP\u0160 Sib\u0159ina\",\"description\":\"V\u00edt\u00e1me V\u00e1s na str\u00e1nk\u00e1ch Spolku rodi\u010d\u016f a p\u0159\u00e1tel Z\u0160 a M\u0160 Sib\u0159ina\",\"potentialAction\":[{\"@type\":\"SearchAction\",\"target\":{\"@type\":\"EntryPoint\",\"urlTemplate\":\"https:\\\/\\\/srpssibrina.cz\\\/?s={search_term_string}\"},\"query-input\":{\"@type\":\"PropertyValueSpecification\",\"valueRequired\":true,\"valueName\":\"search_term_string\"}}],\"inLanguage\":\"cs\"}]}<\/script>\n<!-- \/ Yoast SEO plugin. -->","yoast_head_json":{"title":"Ke sta\u017een\u00ed - SRP\u0160 Sib\u0159ina","robots":{"index":"index","follow":"follow","max-snippet":"max-snippet:-1","max-image-preview":"max-image-preview:large","max-video-preview":"max-video-preview:-1"},"canonical":"https:\/\/srpssibrina.cz\/?page_id=169","og_locale":"cs_CZ","og_type":"article","og_title":"Ke sta\u017een\u00ed - SRP\u0160 Sib\u0159ina","og_url":"https:\/\/srpssibrina.cz\/?page_id=169","og_site_name":"SRP\u0160 Sib\u0159ina","article_publisher":"https:\/\/www.facebook.com\/61550791108673\/about\/","article_modified_time":"2026-04-08T19:10:02+00:00","twitter_card":"summary_large_image","twitter_misc":{"Odhadovan\u00e1 doba \u010dten\u00ed":"1 minuta"},"schema":{"@context":"https:\/\/schema.org","@graph":[{"@type":"WebPage","@id":"https:\/\/srpssibrina.cz\/?page_id=169","url":"https:\/\/srpssibrina.cz\/?page_id=169","name":"Ke sta\u017een\u00ed - SRP\u0160 Sib\u0159ina","isPartOf":{"@id":"https:\/\/srpssibrina.cz\/#website"},"datePublished":"2023-09-27T16:43:15+00:00","dateModified":"2026-04-08T19:10:02+00:00","breadcrumb":{"@id":"https:\/\/srpssibrina.cz\/?page_id=169#breadcrumb"},"inLanguage":"cs","potentialAction":[{"@type":"ReadAction","target":["https:\/\/srpssibrina.cz\/?page_id=169"]}]},{"@type":"BreadcrumbList","@id":"https:\/\/srpssibrina.cz\/?page_id=169#breadcrumb","itemListElement":[{"@type":"ListItem","position":1,"name":"Dom\u016f","item":"https:\/\/srpssibrina.cz\/"},{"@type":"ListItem","position":2,"name":"Ke sta\u017een\u00ed"}]},{"@type":"WebSite","@id":"https:\/\/srpssibrina.cz\/#website","url":"https:\/\/srpssibrina.cz\/","name":"SRP\u0160 Sib\u0159ina","description":"V\u00edt\u00e1me V\u00e1s na str\u00e1nk\u00e1ch Spolku rodi\u010d\u016f a p\u0159\u00e1tel Z\u0160 a M\u0160 Sib\u0159ina","potentialAction":[{"@type":"SearchAction","target":{"@type":"EntryPoint","urlTemplate":"https:\/\/srpssibrina.cz\/?s={search_term_string}"},"query-input":{"@type":"PropertyValueSpecification","valueRequired":true,"valueName":"search_term_string"}}],"inLanguage":"cs"}]}},"_links":{"self":[{"href":"https:\/\/srpssibrina.cz\/index.php?rest_route=\/wp\/v2\/pages\/169","targetHints":{"allow":["GET"]}}],"collection":[{"href":"https:\/\/srpssibrina.cz\/index.php?rest_route=\/wp\/v2\/pages"}],"about":[{"href":"https:\/\/srpssibrina.cz\/index.php?rest_route=\/wp\/v2\/types\/page"}],"author":[{"embeddable":true,"href":"https:\/\/srpssibrina.cz\/index.php?rest_route=\/wp\/v2\/users\/1"}],"replies":[{"embeddable":true,"href":"https:\/\/srpssibrina.cz\/index.php?rest_route=%2Fwp%2Fv2%2Fcomments&post=169"}],"version-history":[{"count":7,"href":"https:\/\/srpssibrina.cz\/index.php?rest_route=\/wp\/v2\/pages\/169\/revisions"}],"predecessor-version":[{"id":553,"href":"https:\/\/srpssibrina.cz\/index.php?rest_route=\/wp\/v2\/pages\/169\/revisions\/553"}],"wp:attachment":[{"href":"https:\/\/srpssibrina.cz\/index.php?rest_route=%2Fwp%2Fv2%2Fmedia&parent=169"}],"curies":[{"name":"wp","href":"https:\/\/api.w.org\/{rel}","templated":true}]}}