{"id":32,"date":"2023-09-26T10:36:56","date_gmt":"2023-09-26T10:36:56","guid":{"rendered":"https:\/\/srpssibrina.cz\/?page_id=32"},"modified":"2026-04-08T21:09:20","modified_gmt":"2026-04-08T19:09:20","slug":"nasi-donatori-a-sponzori-akci","status":"publish","type":"page","link":"https:\/\/srpssibrina.cz\/?page_id=32","title":{"rendered":"Na\u0161i don\u00e1to\u0159i a sponzo\u0159i akc\u00ed"},"content":{"rendered":"\n<figure class=\"wp-block-gallery has-nested-images columns-3 wp-block-gallery-1 is-layout-flex wp-block-gallery-is-layout-flex\">\n<figure class=\"wp-block-image size-full\"><img loading=\"lazy\" decoding=\"async\" width=\"1039\" height=\"435\" data-id=\"477\" src=\"https:\/\/srpssibrina.cz\/wp-content\/uploads\/2023\/12\/etka.png\" alt=\"\" class=\"wp-image-477\" style=\"aspect-ratio:16\/9;object-fit:contain\" srcset=\"https:\/\/srpssibrina.cz\/wp-content\/uploads\/2023\/12\/etka.png 1039w, https:\/\/srpssibrina.cz\/wp-content\/uploads\/2023\/12\/etka-300x126.png 300w, https:\/\/srpssibrina.cz\/wp-content\/uploads\/2023\/12\/etka-1024x429.png 1024w, https:\/\/srpssibrina.cz\/wp-content\/uploads\/2023\/12\/etka-768x322.png 768w\" sizes=\"auto, (max-width: 1039px) 100vw, 1039px\" \/><\/figure>\n\n\n\n<figure class=\"wp-block-image size-full is-style-default\"><img loading=\"lazy\" decoding=\"async\" width=\"900\" height=\"300\" data-id=\"476\" src=\"https:\/\/srpssibrina.cz\/wp-content\/uploads\/2023\/12\/sibrin-market.jpg\" alt=\"\" class=\"wp-image-476\" style=\"aspect-ratio:16\/9;object-fit:contain\" srcset=\"https:\/\/srpssibrina.cz\/wp-content\/uploads\/2023\/12\/sibrin-market.jpg 900w, https:\/\/srpssibrina.cz\/wp-content\/uploads\/2023\/12\/sibrin-market-300x100.jpg 300w, https:\/\/srpssibrina.cz\/wp-content\/uploads\/2023\/12\/sibrin-market-768x256.jpg 768w\" sizes=\"auto, (max-width: 900px) 100vw, 900px\" \/><\/figure>\n\n\n\n<figure class=\"wp-block-image size-full\"><img loading=\"lazy\" decoding=\"async\" width=\"291\" height=\"71\" data-id=\"469\" src=\"https:\/\/srpssibrina.cz\/wp-content\/uploads\/2023\/12\/jecminek-pekarstvi.png\" alt=\"\" class=\"wp-image-469\" style=\"aspect-ratio:16\/9;object-fit:contain\"\/><\/figure>\n\n\n\n<figure class=\"wp-block-image size-full\"><img loading=\"lazy\" decoding=\"async\" width=\"289\" height=\"71\" data-id=\"217\" src=\"https:\/\/srpssibrina.cz\/wp-content\/uploads\/2023\/09\/LogoGrilservis.gif\" alt=\"\" class=\"wp-image-217\" style=\"aspect-ratio:16\/9;object-fit:contain\"\/><\/figure>\n\n\n\n<figure class=\"wp-block-image size-full\"><img loading=\"lazy\" decoding=\"async\" width=\"741\" height=\"261\" data-id=\"192\" src=\"https:\/\/srpssibrina.cz\/wp-content\/uploads\/2023\/09\/logo.jpg\" alt=\"\" class=\"wp-image-192\" style=\"aspect-ratio:16\/9;object-fit:contain\" srcset=\"https:\/\/srpssibrina.cz\/wp-content\/uploads\/2023\/09\/logo.jpg 741w, https:\/\/srpssibrina.cz\/wp-content\/uploads\/2023\/09\/logo-300x106.jpg 300w\" sizes=\"auto, (max-width: 741px) 100vw, 741px\" \/><\/figure>\n\n\n\n<figure class=\"wp-block-image size-full\"><img loading=\"lazy\" decoding=\"async\" width=\"458\" height=\"172\" data-id=\"218\" src=\"https:\/\/srpssibrina.cz\/wp-content\/uploads\/2023\/09\/VlasoveStudioKrenice.png\" alt=\"775 969 508\" class=\"wp-image-218\" style=\"aspect-ratio:16\/9;object-fit:contain\" srcset=\"https:\/\/srpssibrina.cz\/wp-content\/uploads\/2023\/09\/VlasoveStudioKrenice.png 458w, https:\/\/srpssibrina.cz\/wp-content\/uploads\/2023\/09\/VlasoveStudioKrenice-300x113.png 300w\" sizes=\"auto, (max-width: 458px) 100vw, 458px\" \/><\/figure>\n<\/figure>\n","protected":false},"excerpt":{"rendered":"","protected":false},"author":1,"featured_media":0,"parent":0,"menu_order":0,"comment_status":"closed","ping_status":"open","template":"","meta":{"ngg_post_thumbnail":0,"footnotes":""},"class_list":["post-32","page","type-page","status-publish","hentry"],"yoast_head":"<!-- This site is optimized with the Yoast SEO plugin v27.3 - https:\/\/yoast.com\/product\/yoast-seo-wordpress\/ -->\n<title>Na\u0161i don\u00e1to\u0159i a sponzo\u0159i akc\u00ed - SRP\u0160 Sib\u0159ina<\/title>\n<meta name=\"robots\" content=\"index, follow, max-snippet:-1, max-image-preview:large, max-video-preview:-1\" \/>\n<link rel=\"canonical\" href=\"https:\/\/srpssibrina.cz\/?page_id=32\" \/>\n<meta property=\"og:locale\" content=\"cs_CZ\" \/>\n<meta property=\"og:type\" content=\"article\" \/>\n<meta property=\"og:title\" content=\"Na\u0161i don\u00e1to\u0159i a sponzo\u0159i akc\u00ed - SRP\u0160 Sib\u0159ina\" \/>\n<meta property=\"og:url\" content=\"https:\/\/srpssibrina.cz\/?page_id=32\" \/>\n<meta property=\"og:site_name\" content=\"SRP\u0160 Sib\u0159ina\" \/>\n<meta property=\"article:publisher\" content=\"https:\/\/www.facebook.com\/61550791108673\/about\/\" \/>\n<meta property=\"article:modified_time\" content=\"2026-04-08T19:09:20+00:00\" \/>\n<meta property=\"og:image\" content=\"https:\/\/srpssibrina.cz\/wp-content\/uploads\/2023\/12\/etka.png\" \/>\n\t<meta property=\"og:image:width\" content=\"1039\" \/>\n\t<meta property=\"og:image:height\" content=\"435\" \/>\n\t<meta property=\"og:image:type\" content=\"image\/png\" \/>\n<meta name=\"twitter:card\" content=\"summary_large_image\" \/>\n<meta name=\"twitter:label1\" content=\"Odhadovan\u00e1 doba \u010dten\u00ed\" \/>\n\t<meta name=\"twitter:data1\" content=\"2 minuty\" \/>\n<script type=\"application\/ld+json\" class=\"yoast-schema-graph\">{\"@context\":\"https:\\\/\\\/schema.org\",\"@graph\":[{\"@type\":\"WebPage\",\"@id\":\"https:\\\/\\\/srpssibrina.cz\\\/?page_id=32\",\"url\":\"https:\\\/\\\/srpssibrina.cz\\\/?page_id=32\",\"name\":\"Na\u0161i don\u00e1to\u0159i a sponzo\u0159i akc\u00ed - SRP\u0160 Sib\u0159ina\",\"isPartOf\":{\"@id\":\"https:\\\/\\\/srpssibrina.cz\\\/#website\"},\"primaryImageOfPage\":{\"@id\":\"https:\\\/\\\/srpssibrina.cz\\\/?page_id=32#primaryimage\"},\"image\":{\"@id\":\"https:\\\/\\\/srpssibrina.cz\\\/?page_id=32#primaryimage\"},\"thumbnailUrl\":\"https:\\\/\\\/srpssibrina.cz\\\/wp-content\\\/uploads\\\/2023\\\/12\\\/etka.png\",\"datePublished\":\"2023-09-26T10:36:56+00:00\",\"dateModified\":\"2026-04-08T19:09:20+00:00\",\"breadcrumb\":{\"@id\":\"https:\\\/\\\/srpssibrina.cz\\\/?page_id=32#breadcrumb\"},\"inLanguage\":\"cs\",\"potentialAction\":[{\"@type\":\"ReadAction\",\"target\":[\"https:\\\/\\\/srpssibrina.cz\\\/?page_id=32\"]}]},{\"@type\":\"ImageObject\",\"inLanguage\":\"cs\",\"@id\":\"https:\\\/\\\/srpssibrina.cz\\\/?page_id=32#primaryimage\",\"url\":\"https:\\\/\\\/srpssibrina.cz\\\/wp-content\\\/uploads\\\/2023\\\/12\\\/etka.png\",\"contentUrl\":\"https:\\\/\\\/srpssibrina.cz\\\/wp-content\\\/uploads\\\/2023\\\/12\\\/etka.png\",\"width\":1039,\"height\":435},{\"@type\":\"BreadcrumbList\",\"@id\":\"https:\\\/\\\/srpssibrina.cz\\\/?page_id=32#breadcrumb\",\"itemListElement\":[{\"@type\":\"ListItem\",\"position\":1,\"name\":\"Dom\u016f\",\"item\":\"https:\\\/\\\/srpssibrina.cz\\\/\"},{\"@type\":\"ListItem\",\"position\":2,\"name\":\"Na\u0161i don\u00e1to\u0159i a sponzo\u0159i akc\u00ed\"}]},{\"@type\":\"WebSite\",\"@id\":\"https:\\\/\\\/srpssibrina.cz\\\/#website\",\"url\":\"https:\\\/\\\/srpssibrina.cz\\\/\",\"name\":\"SRP\u0160 Sib\u0159ina\",\"description\":\"V\u00edt\u00e1me V\u00e1s na str\u00e1nk\u00e1ch Spolku rodi\u010d\u016f a p\u0159\u00e1tel Z\u0160 a M\u0160 Sib\u0159ina\",\"potentialAction\":[{\"@type\":\"SearchAction\",\"target\":{\"@type\":\"EntryPoint\",\"urlTemplate\":\"https:\\\/\\\/srpssibrina.cz\\\/?s={search_term_string}\"},\"query-input\":{\"@type\":\"PropertyValueSpecification\",\"valueRequired\":true,\"valueName\":\"search_term_string\"}}],\"inLanguage\":\"cs\"}]}<\/script>\n<!-- \/ Yoast SEO plugin. -->","yoast_head_json":{"title":"Na\u0161i don\u00e1to\u0159i a sponzo\u0159i akc\u00ed - SRP\u0160 Sib\u0159ina","robots":{"index":"index","follow":"follow","max-snippet":"max-snippet:-1","max-image-preview":"max-image-preview:large","max-video-preview":"max-video-preview:-1"},"canonical":"https:\/\/srpssibrina.cz\/?page_id=32","og_locale":"cs_CZ","og_type":"article","og_title":"Na\u0161i don\u00e1to\u0159i a sponzo\u0159i akc\u00ed - SRP\u0160 Sib\u0159ina","og_url":"https:\/\/srpssibrina.cz\/?page_id=32","og_site_name":"SRP\u0160 Sib\u0159ina","article_publisher":"https:\/\/www.facebook.com\/61550791108673\/about\/","article_modified_time":"2026-04-08T19:09:20+00:00","og_image":[{"width":1039,"height":435,"url":"https:\/\/srpssibrina.cz\/wp-content\/uploads\/2023\/12\/etka.png","type":"image\/png"}],"twitter_card":"summary_large_image","twitter_misc":{"Odhadovan\u00e1 doba \u010dten\u00ed":"2 minuty"},"schema":{"@context":"https:\/\/schema.org","@graph":[{"@type":"WebPage","@id":"https:\/\/srpssibrina.cz\/?page_id=32","url":"https:\/\/srpssibrina.cz\/?page_id=32","name":"Na\u0161i don\u00e1to\u0159i a sponzo\u0159i akc\u00ed - SRP\u0160 Sib\u0159ina","isPartOf":{"@id":"https:\/\/srpssibrina.cz\/#website"},"primaryImageOfPage":{"@id":"https:\/\/srpssibrina.cz\/?page_id=32#primaryimage"},"image":{"@id":"https:\/\/srpssibrina.cz\/?page_id=32#primaryimage"},"thumbnailUrl":"https:\/\/srpssibrina.cz\/wp-content\/uploads\/2023\/12\/etka.png","datePublished":"2023-09-26T10:36:56+00:00","dateModified":"2026-04-08T19:09:20+00:00","breadcrumb":{"@id":"https:\/\/srpssibrina.cz\/?page_id=32#breadcrumb"},"inLanguage":"cs","potentialAction":[{"@type":"ReadAction","target":["https:\/\/srpssibrina.cz\/?page_id=32"]}]},{"@type":"ImageObject","inLanguage":"cs","@id":"https:\/\/srpssibrina.cz\/?page_id=32#primaryimage","url":"https:\/\/srpssibrina.cz\/wp-content\/uploads\/2023\/12\/etka.png","contentUrl":"https:\/\/srpssibrina.cz\/wp-content\/uploads\/2023\/12\/etka.png","width":1039,"height":435},{"@type":"BreadcrumbList","@id":"https:\/\/srpssibrina.cz\/?page_id=32#breadcrumb","itemListElement":[{"@type":"ListItem","position":1,"name":"Dom\u016f","item":"https:\/\/srpssibrina.cz\/"},{"@type":"ListItem","position":2,"name":"Na\u0161i don\u00e1to\u0159i a sponzo\u0159i akc\u00ed"}]},{"@type":"WebSite","@id":"https:\/\/srpssibrina.cz\/#website","url":"https:\/\/srpssibrina.cz\/","name":"SRP\u0160 Sib\u0159ina","description":"V\u00edt\u00e1me V\u00e1s na str\u00e1nk\u00e1ch Spolku rodi\u010d\u016f a p\u0159\u00e1tel Z\u0160 a M\u0160 Sib\u0159ina","potentialAction":[{"@type":"SearchAction","target":{"@type":"EntryPoint","urlTemplate":"https:\/\/srpssibrina.cz\/?s={search_term_string}"},"query-input":{"@type":"PropertyValueSpecification","valueRequired":true,"valueName":"search_term_string"}}],"inLanguage":"cs"}]}},"_links":{"self":[{"href":"https:\/\/srpssibrina.cz\/index.php?rest_route=\/wp\/v2\/pages\/32","targetHints":{"allow":["GET"]}}],"collection":[{"href":"https:\/\/srpssibrina.cz\/index.php?rest_route=\/wp\/v2\/pages"}],"about":[{"href":"https:\/\/srpssibrina.cz\/index.php?rest_route=\/wp\/v2\/types\/page"}],"author":[{"embeddable":true,"href":"https:\/\/srpssibrina.cz\/index.php?rest_route=\/wp\/v2\/users\/1"}],"replies":[{"embeddable":true,"href":"https:\/\/srpssibrina.cz\/index.php?rest_route=%2Fwp%2Fv2%2Fcomments&post=32"}],"version-history":[{"count":11,"href":"https:\/\/srpssibrina.cz\/index.php?rest_route=\/wp\/v2\/pages\/32\/revisions"}],"predecessor-version":[{"id":7288,"href":"https:\/\/srpssibrina.cz\/index.php?rest_route=\/wp\/v2\/pages\/32\/revisions\/7288"}],"wp:attachment":[{"href":"https:\/\/srpssibrina.cz\/index.php?rest_route=%2Fwp%2Fv2%2Fmedia&parent=32"}],"curies":[{"name":"wp","href":"https:\/\/api.w.org\/{rel}","templated":true}]}}