{"id":36,"date":"2023-09-26T10:38:15","date_gmt":"2023-09-26T10:38:15","guid":{"rendered":"https:\/\/srpssibrina.cz\/?page_id=36"},"modified":"2026-04-09T22:25:48","modified_gmt":"2026-04-09T20:25:48","slug":"kalendar-akci","status":"publish","type":"page","link":"https:\/\/srpssibrina.cz\/?page_id=36","title":{"rendered":"Kalend\u00e1\u0159 akc\u00ed"},"content":{"rendered":"\n<div class=\"wp-block-columns is-layout-flex wp-container-core-columns-is-layout-9d6595d7 wp-block-columns-is-layout-flex\">\n<div class=\"wp-block-column is-layout-flow wp-block-column-is-layout-flow\" style=\"flex-basis:33.33%\">\n<figure class=\"wp-block-image size-full\"><img loading=\"lazy\" decoding=\"async\" width=\"722\" height=\"1084\" src=\"https:\/\/srpssibrina.cz\/wp-content\/uploads\/2026\/04\/2832b37c-e9a2-4e1d-952c-2ef5bd82c587.png\" alt=\"\" class=\"wp-image-12248\" srcset=\"https:\/\/srpssibrina.cz\/wp-content\/uploads\/2026\/04\/2832b37c-e9a2-4e1d-952c-2ef5bd82c587.png 722w, https:\/\/srpssibrina.cz\/wp-content\/uploads\/2026\/04\/2832b37c-e9a2-4e1d-952c-2ef5bd82c587-200x300.png 200w, https:\/\/srpssibrina.cz\/wp-content\/uploads\/2026\/04\/2832b37c-e9a2-4e1d-952c-2ef5bd82c587-682x1024.png 682w\" sizes=\"auto, (max-width: 722px) 100vw, 722px\" \/><\/figure>\n<\/div>\n\n\n\n<div class=\"wp-block-column is-layout-flow wp-block-column-is-layout-flow\" style=\"flex-basis:66.66%\">\n<div  class=\"tribe-compatibility-container\" >\n\t<div\n\t\t class=\"tribe-common tribe-events tribe-events-view tribe-events-view--widget-events-list tribe-events-widget\" \t\tdata-js=\"tribe-events-view\"\n\t\tdata-view-rest-url=\"https:\/\/srpssibrina.cz\/index.php?rest_route=\/tribe\/views\/v2\/html\"\n\t\tdata-view-manage-url=\"1\"\n\t\t\t\t\t\t\tdata-view-breakpoint-pointer=\"2a35c3d1-7ee1-48cf-9183-a1a0baeebecb\"\n\t\t\t>\n\t\t<div class=\"tribe-events-widget-events-list\">\n\n\t\t\t<script type=\"application\/ld+json\">\r\n[{\"@context\":\"http:\/\/schema.org\",\"@type\":\"Event\",\"name\":\"Sportovn\\u00ed den\",\"description\":\"\",\"url\":\"https:\/\/srpssibrina.cz\/?tribe_events=sportovni-den-3\",\"eventAttendanceMode\":\"https:\/\/schema.org\/OfflineEventAttendanceMode\",\"eventStatus\":\"https:\/\/schema.org\/EventScheduled\",\"startDate\":\"2026-05-16T13:00:00+02:00\",\"endDate\":\"2026-05-16T18:00:00+02:00\",\"location\":{\"@type\":\"Place\",\"name\":\"Are\\u00e1l SKVS\",\"description\":\"\",\"url\":\"\",\"address\":{\"@type\":\"PostalAddress\"},\"telephone\":\"\",\"sameAs\":\"\"},\"performer\":\"Organization\"},{\"@context\":\"http:\/\/schema.org\",\"@type\":\"Event\",\"name\":\"Draki\\u00e1da\",\"description\":\"\",\"url\":\"https:\/\/srpssibrina.cz\/?tribe_events=drakiada\",\"eventAttendanceMode\":\"https:\/\/schema.org\/OfflineEventAttendanceMode\",\"eventStatus\":\"https:\/\/schema.org\/EventScheduled\",\"startDate\":\"2026-10-03T14:00:00+02:00\",\"endDate\":\"2026-10-03T18:00:00+02:00\",\"location\":{\"@type\":\"Place\",\"name\":\"U Kruh\\u00e1\\u010de\",\"description\":\"\",\"url\":\"\",\"address\":{\"@type\":\"PostalAddress\"},\"telephone\":\"\",\"sameAs\":\"\"},\"performer\":\"Organization\"},{\"@context\":\"http:\/\/schema.org\",\"@type\":\"Event\",\"name\":\"Stra\\u0161ideln\\u00e1 v\\u00fdprava\",\"description\":\"\",\"url\":\"https:\/\/srpssibrina.cz\/?tribe_events=strasidelna-vyprava-4\",\"eventAttendanceMode\":\"https:\/\/schema.org\/OfflineEventAttendanceMode\",\"eventStatus\":\"https:\/\/schema.org\/EventScheduled\",\"startDate\":\"2026-11-14T18:00:00+01:00\",\"endDate\":\"2026-11-14T20:30:00+01:00\",\"performer\":\"Organization\"}]\r\n<\/script>\n\t\t\t<script data-js=\"tribe-events-view-data\" type=\"application\/json\">\n\t{\"slug\":\"widget-events-list\",\"prev_url\":\"\",\"next_url\":\"\",\"view_class\":\"Tribe\\\\Events\\\\Views\\\\V2\\\\Views\\\\Widgets\\\\Widget_List_View\",\"view_slug\":\"widget-events-list\",\"view_label\":\"View\",\"view\":null,\"should_manage_url\":true,\"id\":null,\"alias-slugs\":null,\"title\":\"Akce na 30 dubna \\u2013 14 listopadu \\u2013 SRP\\u0160 Sib\\u0159ina\",\"limit\":\"5\",\"no_upcoming_events\":false,\"featured_events_only\":false,\"jsonld_enable\":true,\"tribe_is_list_widget\":false,\"admin_fields\":{\"title\":{\"label\":\"Nadpis:\",\"type\":\"text\",\"parent_classes\":\"\",\"classes\":\"\",\"dependency\":\"\",\"id\":\"widget-tribe-widget-events-list--1-title\",\"name\":\"widget-tribe-widget-events-list[-1][title]\",\"options\":[],\"placeholder\":\"\",\"value\":null},\"limit\":{\"label\":\"Zobrazit:\",\"type\":\"number\",\"default\":5,\"min\":1,\"max\":10,\"step\":1,\"parent_classes\":\"\",\"classes\":\"\",\"dependency\":\"\",\"id\":\"widget-tribe-widget-events-list--1-limit\",\"name\":\"widget-tribe-widget-events-list[-1][limit]\",\"options\":[],\"placeholder\":\"\",\"value\":null},\"no_upcoming_events\":{\"label\":\"Skr\\u00fdt widget, pokud neexistuj\\u00ed \\u017e\\u00e1dn\\u00e9 nadch\\u00e1zej\\u00edc\\u00ed ud\\u00e1losti.\",\"type\":\"checkbox\",\"parent_classes\":\"\",\"classes\":\"\",\"dependency\":\"\",\"id\":\"widget-tribe-widget-events-list--1-no_upcoming_events\",\"name\":\"widget-tribe-widget-events-list[-1][no_upcoming_events]\",\"options\":[],\"placeholder\":\"\",\"value\":null},\"featured_events_only\":{\"label\":\"Pouze vybran\\u00e9 ud\\u00e1losti\",\"type\":\"checkbox\",\"parent_classes\":\"\",\"classes\":\"\",\"dependency\":\"\",\"id\":\"widget-tribe-widget-events-list--1-featured_events_only\",\"name\":\"widget-tribe-widget-events-list[-1][featured_events_only]\",\"options\":[],\"placeholder\":\"\",\"value\":null},\"jsonld_enable\":{\"label\":\"Generov\\u00e1n\\u00ed dat JSON-LD\",\"type\":\"checkbox\",\"parent_classes\":\"\",\"classes\":\"\",\"dependency\":\"\",\"id\":\"widget-tribe-widget-events-list--1-jsonld_enable\",\"name\":\"widget-tribe-widget-events-list[-1][jsonld_enable]\",\"options\":[],\"placeholder\":\"\",\"value\":null}},\"pen_theme_color_widget\":\"automatic\",\"pen_theme_animation_widget\":\"fadeIn\",\"events\":[12253,12256,12258],\"url\":\"https:\\\/\\\/srpssibrina.cz\\\/?post_type=tribe_events&eventDisplay=widget-events-list\",\"url_event_date\":false,\"bar\":{\"keyword\":\"\",\"date\":\"\"},\"today\":\"2026-04-30 00:00:00\",\"now\":\"2026-04-30 11:55:42\",\"home_url\":\"https:\\\/\\\/srpssibrina.cz\",\"rest_url\":\"https:\\\/\\\/srpssibrina.cz\\\/index.php?rest_route=\\\/tribe\\\/views\\\/v2\\\/html\",\"rest_method\":\"GET\",\"rest_nonce\":\"\",\"today_url\":\"https:\\\/\\\/srpssibrina.cz\\\/?post_type=tribe_events&eventDisplay=widget-events-list\",\"today_title\":\"Kliknut\\u00edm vyberete dne\\u0161n\\u00ed datum\",\"today_label\":\"Dnes\",\"prev_label\":\"\",\"next_label\":\"\",\"date_formats\":{\"compact\":\"n\\\/j\\\/Y\",\"month_and_year_compact\":\"n\\\/Y\",\"month_and_year\":\"F Y\",\"time_range_separator\":\" - \",\"date_time_separator\":\" @ \"},\"messages\":[],\"start_of_week\":\"1\",\"header_title\":\"\",\"header_title_element\":\"h1\",\"content_title\":\"\",\"show_content_title\":false,\"breadcrumbs\":[],\"backlink\":false,\"before_events\":\"\",\"after_events\":\"\\n<!--\\nThis calendar is powered by The Events Calendar.\\nhttp:\\\/\\\/evnt.is\\\/18wn\\n-->\\n\",\"display_events_bar\":false,\"disable_event_search\":false,\"live_refresh\":true,\"ical\":{\"display_link\":true,\"link\":{\"url\":\"https:\\\/\\\/srpssibrina.cz\\\/?post_type=tribe_events&#038;eventDisplay=widget-events-list&#038;ical=1\",\"text\":\"Export Akce\",\"title\":\"Pro sd\\u00edlen\\u00ed kalend\\u00e1\\u0159ov\\u00fdch dat v aplikaci Kalend\\u00e1\\u0159 Google, Apple iCal nebo jin\\u00e9 kompatibiln\\u00ed\"}},\"container_classes\":[\"tribe-common\",\"tribe-events\",\"tribe-events-view\",\"tribe-events-view--widget-events-list\",\"tribe-events-widget\"],\"container_data\":[],\"is_past\":false,\"breakpoints\":{\"xsmall\":500,\"medium\":768,\"full\":960},\"breakpoint_pointer\":\"2a35c3d1-7ee1-48cf-9183-a1a0baeebecb\",\"is_initial_load\":false,\"public_views\":{\"list\":{\"view_class\":\"Tribe\\\\Events\\\\Views\\\\V2\\\\Views\\\\List_View\",\"view_url\":\"https:\\\/\\\/srpssibrina.cz\\\/?post_type=tribe_events&eventDisplay=list\",\"view_label\":\"Seznam\",\"aria_label\":\"Display Akce in Seznam View\"},\"month\":{\"view_class\":\"Tribe\\\\Events\\\\Views\\\\V2\\\\Views\\\\Month_View\",\"view_url\":\"https:\\\/\\\/srpssibrina.cz\\\/?post_type=tribe_events&eventDisplay=month\",\"view_label\":\"M\\u011bs\\u00edc\",\"aria_label\":\"Display Akce in M\\u011bs\\u00edc View\"},\"day\":{\"view_class\":\"Tribe\\\\Events\\\\Views\\\\V2\\\\Views\\\\Day_View\",\"view_url\":\"https:\\\/\\\/srpssibrina.cz\\\/?post_type=tribe_events&eventDisplay=day\",\"view_label\":\"Den\",\"aria_label\":\"Display Akce in Den View\"}},\"show_latest_past\":false,\"past\":false,\"compatibility_classes\":[\"tribe-compatibility-container\"],\"view_more_text\":\"Zobrazit kalend\\u00e1\\u0159\",\"view_more_title\":\"Zobrazit v\\u00edce akce.\",\"view_more_link\":\"https:\\\/\\\/srpssibrina.cz\",\"widget_title\":\"Nadch\\u00e1zej\\u00edc\\u00ed ud\\u00e1losti\",\"hide_if_no_upcoming_events\":false,\"display\":[],\"subscribe_links\":{\"gcal\":{\"label\":\"Kalend\\u00e1\\u0159 Google\",\"single_label\":\"P\\u0159idat do Google Kalend\\u00e1\\u0159e\",\"visible\":true,\"block_slug\":\"hasGoogleCalendar\"},\"ical\":{\"label\":\"iCalendar\",\"single_label\":\"P\\u0159idat do iCalendar\",\"visible\":true,\"block_slug\":\"hasiCal\"},\"outlook-365\":{\"label\":\"Outlook 365\",\"single_label\":\"Outlook 365\",\"visible\":true,\"block_slug\":\"hasOutlook365\"},\"outlook-live\":{\"label\":\"Outlook Live\",\"single_label\":\"Outlook Live\",\"visible\":true,\"block_slug\":\"hasOutlookLive\"},\"ics\":{\"label\":\"Export .ics souboru\",\"single_label\":\"Export .ics souboru\",\"visible\":true,\"block_slug\":null},\"outlook-ics\":{\"label\":\"Export Outlook .ics file\",\"single_label\":\"Export Outlook .ics file\",\"visible\":true,\"block_slug\":null}},\"_context\":{\"slug\":\"widget-events-list\"}}<\/script>\n\n\t\t\t\t\t\t\t<header class=\"tribe-events-widget-events-list__header\">\n\t\t\t\t\t<h2 class=\"tribe-events-widget-events-list__header-title tribe-common-h6 tribe-common-h--alt\">\n\t\t\t\t\t\tNadch\u00e1zej\u00edc\u00ed ud\u00e1losti\t\t\t\t\t<\/h2>\n\t\t\t\t<\/header>\n\t\t\t\n\t\t\t\n\t\t\t\t<div class=\"tribe-events-widget-events-list__events\">\n\t\t\t\t\t\t\t\t\t\t\t<div  class=\"tribe-common-g-row tribe-events-widget-events-list__event-row\" >\n\n\t<div class=\"tribe-events-widget-events-list__event-date-tag tribe-common-g-col\">\n\t<time class=\"tribe-events-widget-events-list__event-date-tag-datetime\" datetime=\"2026-05-16\">\n\t\t<span class=\"tribe-events-widget-events-list__event-date-tag-month\">\n\t\t\tKv\u011b\t\t<\/span>\n\t\t<span class=\"tribe-events-widget-events-list__event-date-tag-daynum tribe-common-h2 tribe-common-h4--min-medium\">\n\t\t\t16\t\t<\/span>\n\t<\/time>\n<\/div>\n\n\t<div class=\"tribe-events-widget-events-list__event-wrapper tribe-common-g-col\">\n\t\t<article  class=\"tribe-events-widget-events-list__event post-12253 tribe_events type-tribe_events status-publish hentry\" >\n\t\t\t<div class=\"tribe-events-widget-events-list__event-details\">\n\n\t\t\t\t<header class=\"tribe-events-widget-events-list__event-header\">\n\t\t\t\t\t<div class=\"tribe-events-widget-events-list__event-datetime-wrapper tribe-common-b2 tribe-common-b3--min-medium\">\n\t\t<time class=\"tribe-events-widget-events-list__event-datetime\" datetime=\"2026-05-16\">\n\t\t<span class=\"tribe-event-date-start\">13:00<\/span> &#8211; <span class=\"tribe-event-time\">18:00<\/span>\t<\/time>\n\t<\/div>\n\t\t\t\t\t<h3 class=\"tribe-events-widget-events-list__event-title tribe-common-h7\">\n\t<a\n\t\thref=\"https:\/\/srpssibrina.cz\/?tribe_events=sportovni-den-3\"\n\t\ttitle=\"Sportovn\u00ed den\"\n\t\trel=\"bookmark\"\n\t\tclass=\"tribe-events-widget-events-list__event-title-link tribe-common-anchor-thin\"\n\t>\n\t\tSportovn\u00ed den\t<\/a>\n<\/h3>\n\t\t\t\t<\/header>\n\n\t\t\t\t\n\t\t\t<\/div>\n\t\t<\/article>\n\t<\/div>\n\n<\/div>\n\t\t\t\t\t\t\t\t\t\t\t<div  class=\"tribe-common-g-row tribe-events-widget-events-list__event-row\" >\n\n\t<div class=\"tribe-events-widget-events-list__event-date-tag tribe-common-g-col\">\n\t<time class=\"tribe-events-widget-events-list__event-date-tag-datetime\" datetime=\"2026-10-03\">\n\t\t<span class=\"tribe-events-widget-events-list__event-date-tag-month\">\n\t\t\t\u0158\u00edj\t\t<\/span>\n\t\t<span class=\"tribe-events-widget-events-list__event-date-tag-daynum tribe-common-h2 tribe-common-h4--min-medium\">\n\t\t\t3\t\t<\/span>\n\t<\/time>\n<\/div>\n\n\t<div class=\"tribe-events-widget-events-list__event-wrapper tribe-common-g-col\">\n\t\t<article  class=\"tribe-events-widget-events-list__event post-12256 tribe_events type-tribe_events status-publish hentry\" >\n\t\t\t<div class=\"tribe-events-widget-events-list__event-details\">\n\n\t\t\t\t<header class=\"tribe-events-widget-events-list__event-header\">\n\t\t\t\t\t<div class=\"tribe-events-widget-events-list__event-datetime-wrapper tribe-common-b2 tribe-common-b3--min-medium\">\n\t\t<time class=\"tribe-events-widget-events-list__event-datetime\" datetime=\"2026-10-03\">\n\t\t<span class=\"tribe-event-date-start\">14:00<\/span> &#8211; <span class=\"tribe-event-time\">18:00<\/span>\t<\/time>\n\t<\/div>\n\t\t\t\t\t<h3 class=\"tribe-events-widget-events-list__event-title tribe-common-h7\">\n\t<a\n\t\thref=\"https:\/\/srpssibrina.cz\/?tribe_events=drakiada\"\n\t\ttitle=\"Draki\u00e1da\"\n\t\trel=\"bookmark\"\n\t\tclass=\"tribe-events-widget-events-list__event-title-link tribe-common-anchor-thin\"\n\t>\n\t\tDraki\u00e1da\t<\/a>\n<\/h3>\n\t\t\t\t<\/header>\n\n\t\t\t\t\n\t\t\t<\/div>\n\t\t<\/article>\n\t<\/div>\n\n<\/div>\n\t\t\t\t\t\t\t\t\t\t\t<div  class=\"tribe-common-g-row tribe-events-widget-events-list__event-row\" >\n\n\t<div class=\"tribe-events-widget-events-list__event-date-tag tribe-common-g-col\">\n\t<time class=\"tribe-events-widget-events-list__event-date-tag-datetime\" datetime=\"2026-11-14\">\n\t\t<span class=\"tribe-events-widget-events-list__event-date-tag-month\">\n\t\t\tLis\t\t<\/span>\n\t\t<span class=\"tribe-events-widget-events-list__event-date-tag-daynum tribe-common-h2 tribe-common-h4--min-medium\">\n\t\t\t14\t\t<\/span>\n\t<\/time>\n<\/div>\n\n\t<div class=\"tribe-events-widget-events-list__event-wrapper tribe-common-g-col\">\n\t\t<article  class=\"tribe-events-widget-events-list__event post-12258 tribe_events type-tribe_events status-publish hentry\" >\n\t\t\t<div class=\"tribe-events-widget-events-list__event-details\">\n\n\t\t\t\t<header class=\"tribe-events-widget-events-list__event-header\">\n\t\t\t\t\t<div class=\"tribe-events-widget-events-list__event-datetime-wrapper tribe-common-b2 tribe-common-b3--min-medium\">\n\t\t<time class=\"tribe-events-widget-events-list__event-datetime\" datetime=\"2026-11-14\">\n\t\t<span class=\"tribe-event-date-start\">18:00<\/span> &#8211; <span class=\"tribe-event-time\">20:30<\/span>\t<\/time>\n\t<\/div>\n\t\t\t\t\t<h3 class=\"tribe-events-widget-events-list__event-title tribe-common-h7\">\n\t<a\n\t\thref=\"https:\/\/srpssibrina.cz\/?tribe_events=strasidelna-vyprava-4\"\n\t\ttitle=\"Stra\u0161ideln\u00e1 v\u00fdprava\"\n\t\trel=\"bookmark\"\n\t\tclass=\"tribe-events-widget-events-list__event-title-link tribe-common-anchor-thin\"\n\t>\n\t\tStra\u0161ideln\u00e1 v\u00fdprava\t<\/a>\n<\/h3>\n\t\t\t\t<\/header>\n\n\t\t\t\t\n\t\t\t<\/div>\n\t\t<\/article>\n\t<\/div>\n\n<\/div>\n\t\t\t\t\t\t\t\t\t<\/div>\n\n\t\t\t\t<div class=\"tribe-events-widget-events-list__view-more tribe-common-b1 tribe-common-b2--min-medium\">\n\t<a\n\t\thref=\"https:\/\/srpssibrina.cz\"\n\t\tclass=\"tribe-events-widget-events-list__view-more-link tribe-common-anchor-thin\"\n\t\ttitle=\"Zobrazit v\u00edce akce.\"\n\t>\n\t\tZobrazit kalend\u00e1\u0159\t<\/a>\n<\/div>\n\n\t\t\t\t\t<\/div>\n\t<\/div>\n<\/div>\n<script data-js='tribe-events-view-nonce-data' type='application\/json'>{\"tvn1\":\"fe617c7048\",\"tvn2\":\"\"}<\/script>\n<\/div>\n<\/div>\n","protected":false},"excerpt":{"rendered":"","protected":false},"author":1,"featured_media":0,"parent":0,"menu_order":0,"comment_status":"closed","ping_status":"open","template":"","meta":{"ngg_post_thumbnail":0,"footnotes":""},"class_list":["post-36","page","type-page","status-publish","hentry"],"yoast_head":"<!-- This site is optimized with the Yoast SEO plugin v27.3 - https:\/\/yoast.com\/product\/yoast-seo-wordpress\/ -->\n<title>Kalend\u00e1\u0159 akc\u00ed - SRP\u0160 Sib\u0159ina<\/title>\n<meta name=\"robots\" content=\"index, follow, max-snippet:-1, max-image-preview:large, max-video-preview:-1\" \/>\n<link rel=\"canonical\" href=\"https:\/\/srpssibrina.cz\/?page_id=36\" \/>\n<meta property=\"og:locale\" content=\"cs_CZ\" \/>\n<meta property=\"og:type\" content=\"article\" \/>\n<meta property=\"og:title\" content=\"Kalend\u00e1\u0159 akc\u00ed - SRP\u0160 Sib\u0159ina\" \/>\n<meta property=\"og:url\" content=\"https:\/\/srpssibrina.cz\/?page_id=36\" \/>\n<meta property=\"og:site_name\" content=\"SRP\u0160 Sib\u0159ina\" \/>\n<meta property=\"article:publisher\" content=\"https:\/\/www.facebook.com\/61550791108673\/about\/\" \/>\n<meta property=\"article:modified_time\" content=\"2026-04-09T20:25:48+00:00\" \/>\n<meta property=\"og:image\" content=\"https:\/\/srpssibrina.cz\/wp-content\/uploads\/2026\/04\/2832b37c-e9a2-4e1d-952c-2ef5bd82c587.png\" \/>\n\t<meta property=\"og:image:width\" content=\"722\" \/>\n\t<meta property=\"og:image:height\" content=\"1084\" \/>\n\t<meta property=\"og:image:type\" content=\"image\/png\" \/>\n<meta name=\"twitter:card\" content=\"summary_large_image\" \/>\n<meta name=\"twitter:label1\" content=\"Odhadovan\u00e1 doba \u010dten\u00ed\" \/>\n\t<meta name=\"twitter:data1\" content=\"1 minuta\" \/>\n<script type=\"application\/ld+json\" class=\"yoast-schema-graph\">{\"@context\":\"https:\\\/\\\/schema.org\",\"@graph\":[{\"@type\":\"WebPage\",\"@id\":\"https:\\\/\\\/srpssibrina.cz\\\/?page_id=36\",\"url\":\"https:\\\/\\\/srpssibrina.cz\\\/?page_id=36\",\"name\":\"Kalend\u00e1\u0159 akc\u00ed - SRP\u0160 Sib\u0159ina\",\"isPartOf\":{\"@id\":\"https:\\\/\\\/srpssibrina.cz\\\/#website\"},\"primaryImageOfPage\":{\"@id\":\"https:\\\/\\\/srpssibrina.cz\\\/?page_id=36#primaryimage\"},\"image\":{\"@id\":\"https:\\\/\\\/srpssibrina.cz\\\/?page_id=36#primaryimage\"},\"thumbnailUrl\":\"https:\\\/\\\/srpssibrina.cz\\\/wp-content\\\/uploads\\\/2026\\\/04\\\/2832b37c-e9a2-4e1d-952c-2ef5bd82c587.png\",\"datePublished\":\"2023-09-26T10:38:15+00:00\",\"dateModified\":\"2026-04-09T20:25:48+00:00\",\"breadcrumb\":{\"@id\":\"https:\\\/\\\/srpssibrina.cz\\\/?page_id=36#breadcrumb\"},\"inLanguage\":\"cs\",\"potentialAction\":[{\"@type\":\"ReadAction\",\"target\":[\"https:\\\/\\\/srpssibrina.cz\\\/?page_id=36\"]}]},{\"@type\":\"ImageObject\",\"inLanguage\":\"cs\",\"@id\":\"https:\\\/\\\/srpssibrina.cz\\\/?page_id=36#primaryimage\",\"url\":\"https:\\\/\\\/srpssibrina.cz\\\/wp-content\\\/uploads\\\/2026\\\/04\\\/2832b37c-e9a2-4e1d-952c-2ef5bd82c587.png\",\"contentUrl\":\"https:\\\/\\\/srpssibrina.cz\\\/wp-content\\\/uploads\\\/2026\\\/04\\\/2832b37c-e9a2-4e1d-952c-2ef5bd82c587.png\",\"width\":722,\"height\":1084},{\"@type\":\"BreadcrumbList\",\"@id\":\"https:\\\/\\\/srpssibrina.cz\\\/?page_id=36#breadcrumb\",\"itemListElement\":[{\"@type\":\"ListItem\",\"position\":1,\"name\":\"Dom\u016f\",\"item\":\"https:\\\/\\\/srpssibrina.cz\\\/\"},{\"@type\":\"ListItem\",\"position\":2,\"name\":\"Kalend\u00e1\u0159 akc\u00ed\"}]},{\"@type\":\"WebSite\",\"@id\":\"https:\\\/\\\/srpssibrina.cz\\\/#website\",\"url\":\"https:\\\/\\\/srpssibrina.cz\\\/\",\"name\":\"SRP\u0160 Sib\u0159ina\",\"description\":\"V\u00edt\u00e1me V\u00e1s na str\u00e1nk\u00e1ch Spolku rodi\u010d\u016f a p\u0159\u00e1tel Z\u0160 a M\u0160 Sib\u0159ina\",\"potentialAction\":[{\"@type\":\"SearchAction\",\"target\":{\"@type\":\"EntryPoint\",\"urlTemplate\":\"https:\\\/\\\/srpssibrina.cz\\\/?s={search_term_string}\"},\"query-input\":{\"@type\":\"PropertyValueSpecification\",\"valueRequired\":true,\"valueName\":\"search_term_string\"}}],\"inLanguage\":\"cs\"}]}<\/script>\n<!-- \/ Yoast SEO plugin. -->","yoast_head_json":{"title":"Kalend\u00e1\u0159 akc\u00ed - SRP\u0160 Sib\u0159ina","robots":{"index":"index","follow":"follow","max-snippet":"max-snippet:-1","max-image-preview":"max-image-preview:large","max-video-preview":"max-video-preview:-1"},"canonical":"https:\/\/srpssibrina.cz\/?page_id=36","og_locale":"cs_CZ","og_type":"article","og_title":"Kalend\u00e1\u0159 akc\u00ed - SRP\u0160 Sib\u0159ina","og_url":"https:\/\/srpssibrina.cz\/?page_id=36","og_site_name":"SRP\u0160 Sib\u0159ina","article_publisher":"https:\/\/www.facebook.com\/61550791108673\/about\/","article_modified_time":"2026-04-09T20:25:48+00:00","og_image":[{"width":722,"height":1084,"url":"https:\/\/srpssibrina.cz\/wp-content\/uploads\/2026\/04\/2832b37c-e9a2-4e1d-952c-2ef5bd82c587.png","type":"image\/png"}],"twitter_card":"summary_large_image","twitter_misc":{"Odhadovan\u00e1 doba \u010dten\u00ed":"1 minuta"},"schema":{"@context":"https:\/\/schema.org","@graph":[{"@type":"WebPage","@id":"https:\/\/srpssibrina.cz\/?page_id=36","url":"https:\/\/srpssibrina.cz\/?page_id=36","name":"Kalend\u00e1\u0159 akc\u00ed - SRP\u0160 Sib\u0159ina","isPartOf":{"@id":"https:\/\/srpssibrina.cz\/#website"},"primaryImageOfPage":{"@id":"https:\/\/srpssibrina.cz\/?page_id=36#primaryimage"},"image":{"@id":"https:\/\/srpssibrina.cz\/?page_id=36#primaryimage"},"thumbnailUrl":"https:\/\/srpssibrina.cz\/wp-content\/uploads\/2026\/04\/2832b37c-e9a2-4e1d-952c-2ef5bd82c587.png","datePublished":"2023-09-26T10:38:15+00:00","dateModified":"2026-04-09T20:25:48+00:00","breadcrumb":{"@id":"https:\/\/srpssibrina.cz\/?page_id=36#breadcrumb"},"inLanguage":"cs","potentialAction":[{"@type":"ReadAction","target":["https:\/\/srpssibrina.cz\/?page_id=36"]}]},{"@type":"ImageObject","inLanguage":"cs","@id":"https:\/\/srpssibrina.cz\/?page_id=36#primaryimage","url":"https:\/\/srpssibrina.cz\/wp-content\/uploads\/2026\/04\/2832b37c-e9a2-4e1d-952c-2ef5bd82c587.png","contentUrl":"https:\/\/srpssibrina.cz\/wp-content\/uploads\/2026\/04\/2832b37c-e9a2-4e1d-952c-2ef5bd82c587.png","width":722,"height":1084},{"@type":"BreadcrumbList","@id":"https:\/\/srpssibrina.cz\/?page_id=36#breadcrumb","itemListElement":[{"@type":"ListItem","position":1,"name":"Dom\u016f","item":"https:\/\/srpssibrina.cz\/"},{"@type":"ListItem","position":2,"name":"Kalend\u00e1\u0159 akc\u00ed"}]},{"@type":"WebSite","@id":"https:\/\/srpssibrina.cz\/#website","url":"https:\/\/srpssibrina.cz\/","name":"SRP\u0160 Sib\u0159ina","description":"V\u00edt\u00e1me V\u00e1s na str\u00e1nk\u00e1ch Spolku rodi\u010d\u016f a p\u0159\u00e1tel Z\u0160 a M\u0160 Sib\u0159ina","potentialAction":[{"@type":"SearchAction","target":{"@type":"EntryPoint","urlTemplate":"https:\/\/srpssibrina.cz\/?s={search_term_string}"},"query-input":{"@type":"PropertyValueSpecification","valueRequired":true,"valueName":"search_term_string"}}],"inLanguage":"cs"}]}},"_links":{"self":[{"href":"https:\/\/srpssibrina.cz\/index.php?rest_route=\/wp\/v2\/pages\/36","targetHints":{"allow":["GET"]}}],"collection":[{"href":"https:\/\/srpssibrina.cz\/index.php?rest_route=\/wp\/v2\/pages"}],"about":[{"href":"https:\/\/srpssibrina.cz\/index.php?rest_route=\/wp\/v2\/types\/page"}],"author":[{"embeddable":true,"href":"https:\/\/srpssibrina.cz\/index.php?rest_route=\/wp\/v2\/users\/1"}],"replies":[{"embeddable":true,"href":"https:\/\/srpssibrina.cz\/index.php?rest_route=%2Fwp%2Fv2%2Fcomments&post=36"}],"version-history":[{"count":20,"href":"https:\/\/srpssibrina.cz\/index.php?rest_route=\/wp\/v2\/pages\/36\/revisions"}],"predecessor-version":[{"id":12260,"href":"https:\/\/srpssibrina.cz\/index.php?rest_route=\/wp\/v2\/pages\/36\/revisions\/12260"}],"wp:attachment":[{"href":"https:\/\/srpssibrina.cz\/index.php?rest_route=%2Fwp%2Fv2%2Fmedia&parent=36"}],"curies":[{"name":"wp","href":"https:\/\/api.w.org\/{rel}","templated":true}]}}