{"id":38,"date":"2023-09-26T10:38:31","date_gmt":"2023-09-26T10:38:31","guid":{"rendered":"https:\/\/srpssibrina.cz\/?page_id=38"},"modified":"2026-04-08T21:08:25","modified_gmt":"2026-04-08T19:08:25","slug":"fotogalerie","status":"publish","type":"page","link":"https:\/\/srpssibrina.cz\/?page_id=38","title":{"rendered":"Fotogalerie"},"content":{"rendered":"\n<h2 class=\"wp-block-heading\">\t\t\t\t\t\t<style>\r\n\t\t\t\t<style>\r\n#wpsm_accordion_496 .wpsm_panel-heading{\r\n\tpadding:0px !important;\r\n}\r\n#wpsm_accordion_496 .wpsm_panel-title {\r\n\tmargin:0px !important; \r\n\ttext-transform:none !important;\r\n\tline-height: 1 !important;\r\n}\r\n#wpsm_accordion_496 .wpsm_panel-title a{\r\n\ttext-decoration:none;\r\n\toverflow:hidden;\r\n\tdisplay:block;\r\n\tpadding:0px;\r\n\tfont-size: 18px !important;\r\n\tfont-family: Open Sans !important;\r\n\tcolor:#000000 !important;\r\n\tborder-bottom:0px !important;\r\n}\r\n\r\n#wpsm_accordion_496 .wpsm_panel-title a:focus {\r\noutline: 0px !important;\r\n}\r\n\r\n#wpsm_accordion_496 .wpsm_panel-title a:hover, #wpsm_accordion_496 .wpsm_panel-title a:focus {\r\n\tcolor:#000000 !important;\r\n}\r\n#wpsm_accordion_496 .acc-a{\r\n\tcolor: #000000 !important;\r\n\tbackground-color:#e8e8e8 !important;\r\n\tborder-color: #ddd;\r\n}\r\n#wpsm_accordion_496 .wpsm_panel-default > .wpsm_panel-heading{\r\n\tcolor: #000000 !important;\r\n\tbackground-color: #e8e8e8 !important;\r\n\tborder-color: #e8e8e8 !important;\r\n\tborder-top-left-radius: 0px;\r\n\tborder-top-right-radius: 0px;\r\n}\r\n#wpsm_accordion_496 .wpsm_panel-default {\r\n\t\tborder:1px solid transparent !important;\r\n\t}\r\n#wpsm_accordion_496 {\r\n\tmargin-bottom: 20px;\r\n\toverflow: hidden;\r\n\tfloat: none;\r\n\twidth: 100%;\r\n\tdisplay: block;\r\n}\r\n#wpsm_accordion_496 .ac_title_class{\r\n\tdisplay: block;\r\n\tpadding-top: 12px;\r\n\tpadding-bottom: 12px;\r\n\tpadding-left: 15px;\r\n\tpadding-right: 15px;\r\n}\r\n#wpsm_accordion_496  .wpsm_panel {\r\n\toverflow:hidden;\r\n\t-webkit-box-shadow: 0 0px 0px rgba(0, 0, 0, .05);\r\n\tbox-shadow: 0 0px 0px rgba(0, 0, 0, .05);\r\n\t\tborder-radius: 4px;\r\n\t}\r\n#wpsm_accordion_496  .wpsm_panel + .wpsm_panel {\r\n\t\tmargin-top: 5px;\r\n\t}\r\n#wpsm_accordion_496  .wpsm_panel-body{\r\n\tbackground-color:#ffffff !important;\r\n\tcolor:#000000 !important;\r\n\tborder-top-color: #e8e8e8 !important;\r\n\tfont-size:16px !important;\r\n\tfont-family: Open Sans !important;\r\n\toverflow: hidden;\r\n\t\tborder: 2px solid #e8e8e8 !important;\r\n\t}\r\n\r\n#wpsm_accordion_496 .ac_open_cl_icon{\r\n\tbackground-color:#e8e8e8 !important;\r\n\tcolor: #000000 !important;\r\n\tfloat:right !important;\r\n\tpadding-top: 12px !important;\r\n\tpadding-bottom: 12px !important;\r\n\tline-height: 1.0 !important;\r\n\tpadding-left: 15px !important;\r\n\tpadding-right: 15px !important;\r\n\tdisplay: inline-block !important;\r\n}\r\n\r\n\t\t\t\r\n\t\t\t<\/style>\t\r\n\t\t\t<\/style>\r\n\t\t\t<div class=\"wpsm_panel-group\" id=\"wpsm_accordion_496\" >\r\n\t\t\t\t\t\t\t\t\r\n\t\t\t\t\t<!-- Inner panel Start -->\r\n\t\t\t\t\t<div class=\"wpsm_panel wpsm_panel-default\">\r\n\t\t\t\t\t\t<div class=\"wpsm_panel-heading\" role=\"tab\" >\r\n\t\t\t\t\t\t  <h4 class=\"wpsm_panel-title\">\r\n\t\t\t\t\t\t\t<a  class=\"\"  data-toggle=\"collapse\" data-parent=\"#wpsm_accordion_496 \" href=\"javascript:void(0)\" data-target=\"#ac_496_collapse1\" onclick=\"do_resize()\">\r\n\t\t\t\t\t\t\t\t\t\t\t\t\t\t\t\t\t<span class=\"ac_open_cl_icon fa fa-minus\"><\/span>\r\n\t\t\t\t\t\t\t\t\t\r\n\t\t\t\t\t\t\t\t \r\n\t\t\t\t\t\t\t\t<span class=\"ac_title_class\">\r\n\t\t\t\t\t\t\t\t\t\t\t\t\t\t\t\t\t\t\t\t<span style=\"margin-right:6px;\" class=\"fa fa-laptop\"><\/span>\r\n\t\t\t\t\t\t\t\t\t2025\t\t\t\t\t\t\t\t<\/span>\r\n\t\t\t\t\t\t\t<\/a>\r\n\t\t\t\t\t\t  <\/h4>\r\n\t\t\t\t\t\t<\/div>\r\n\t\t\t\t\t\t<div id=\"ac_496_collapse1\" class=\"wpsm_panel-collapse collapse in\"  >\r\n\t\t\t\t\t\t  <div class=\"wpsm_panel-body\">\r\n\t\t\t\t\t\t\t<ul>\r\n \t<li class=\"wp-block-heading\"><a href=\"https:\/\/srpssibrina.cz\/nakup-a-predani-tabletu-vcetne-ochrannych-skel-a-pouzder\/\">N\u00e1kup a p\u0159ed\u00e1n\u00ed tablet\u016f v\u010detn\u011b ochrann\u00fdch skel a pouzder<\/a><\/li>\r\n\r\n \t<li class=\"wp-block-heading\"><a href=\"https:\/\/srpssibrina.cz\/fotogalerie\/sportovni-den-2025\/\">Sportovn\u00ed Den 2025<\/a><\/li>\r\n\r\n        <li><a href=\"https:\/\/srpssibrina.cz\/wp-content\/uploads\/2025\/06\/SRPS_Sportovni_den_VYHODNOCENI_2025_04FINAL.pdf\">Sportovn\u00ed Den 2025 - v\u00fdsledky z\u00e1vodn\u00edk\u016f<\/a><\/li>\r\n\r\n        <li><a href=\"https:\/\/srpssibrina.cz\/fotogalerie\/predani-15-kusu-hazecich-sipek\/\">P\u0159ed\u00e1n\u00ed 15 kus\u016f h\u00e1zec\u00edch \u0161ipek<\/a><\/li>\r\n\r\n        <li><a href=\"https:\/\/srpssibrina.cz\/fotogalerie\/drakiada-2025\/\">Draki\u00e1da 2025<\/a><\/li>\r\n\r\n<\/ul>\r\n\r\n\t\t\t\t\t\t  <\/div>\r\n\t\t\t\t\t\t<\/div>\r\n\t\t\t\t\t<\/div>\r\n\t\t\t\t\t<!-- Inner panel End -->\r\n\t\t\t\t\t\r\n\t\t\t\t\t\t\t\t\r\n\t\t\t\t\t<!-- Inner panel Start -->\r\n\t\t\t\t\t<div class=\"wpsm_panel wpsm_panel-default\">\r\n\t\t\t\t\t\t<div class=\"wpsm_panel-heading\" role=\"tab\" >\r\n\t\t\t\t\t\t  <h4 class=\"wpsm_panel-title\">\r\n\t\t\t\t\t\t\t<a  class=\"collapsed\"  data-toggle=\"collapse\" data-parent=\"#wpsm_accordion_496 \" href=\"javascript:void(0)\" data-target=\"#ac_496_collapse2\" onclick=\"do_resize()\">\r\n\t\t\t\t\t\t\t\t\t\t\t\t\t\t\t\t\t<span class=\"ac_open_cl_icon fa fa-plus\"><\/span>\r\n\t\t\t\t\t\t\t\t\t\r\n\t\t\t\t\t\t\t\t \r\n\t\t\t\t\t\t\t\t<span class=\"ac_title_class\">\r\n\t\t\t\t\t\t\t\t\t\t\t\t\t\t\t\t\t\t\t\t<span style=\"margin-right:6px;\" class=\"fa fa-photo\"><\/span>\r\n\t\t\t\t\t\t\t\t\t2024\t\t\t\t\t\t\t\t<\/span>\r\n\t\t\t\t\t\t\t<\/a>\r\n\t\t\t\t\t\t  <\/h4>\r\n\t\t\t\t\t\t<\/div>\r\n\t\t\t\t\t\t<div id=\"ac_496_collapse2\" class=\"wpsm_panel-collapse collapse \"  >\r\n\t\t\t\t\t\t  <div class=\"wpsm_panel-body\">\r\n\t\t\t\t\t\t\t<ul>\r\n \t<li class=\"wp-block-heading\"><a href=\"https:\/\/srpssibrina.cz\/fotogalerie\/nakup-barevne-tiskarny-pro-potreby-ms\/\">N\u00e1kup barevn\u00e9 tisk\u00e1rny pro pot\u0159eby M\u0160<\/a><\/li>\r\n \t<li><a href=\"https:\/\/srpssibrina.cz\/fotogalerie\/uklidme-svet-2024\/\">Ukli\u010fme sv\u011bt<\/a><\/li>\r\n        <li><a href=\"https:\/\/srpssibrina.cz\/fotogalerie\/brigada-revitalizace-jerabin-u-pesi-stezky-do-zs\/\">Brig\u00e1da - revitalizace je\u0159abin u p\u011b\u0161\u00ed stezky do Z\u0160<\/a><\/li>\r\n        <li><a href=\"https:\/\/srpssibrina.cz\/brigada-rodicu-na-skolni-zahrade-22-4-2024\/\">Brig\u00e1da rodi\u010d\u016f na \u0161koln\u00ed zahrad\u011b 22.4. 2024<\/a><\/li>\r\n        <li><a href=\"https:\/\/srpssibrina.cz\/fotogalerie\/sportovni-den-2024\/\">Sportovn\u00ed Den 2024<\/a><\/li>\r\n        <li><a href=\"http:\/\/srpssibrina.cz\/wp-content\/uploads\/2024\/05\/Vysledky-Seznam_zavodniku_FINAL_DEF.pdf\">Sportovn\u00ed Den 2024 - v\u00fdsledky z\u00e1vodn\u00edk\u016f<\/a><\/li>\r\n        <li><a href=\"https:\/\/srpssibrina.cz\/fotogalerie\/nakup-vybaveni-pro-vyuku-it-2024\/\">N\u00e1kup vybaven\u00ed pro v\u00fduku IT<\/a><\/li>\r\n        <li><a href=\"https:\/\/srpssibrina.cz\/fotogalerie\/stavime-budky-chranime-prirodu-2024\/\">Stav\u00edme budky, chr\u00e1n\u00edme p\u0159\u00edrodu<\/a><\/li>\r\n        <li><a href=\"https:\/\/srpssibrina.cz\/fotogalerie\/drakiada-2024\/\">Draki\u00e1da 2024<\/a><\/li>\r\n        <li><a href=\"https:\/\/srpssibrina.cz\/fotogalerie\/strasidelna-vyprava-2024\/\">Stra\u0161ideln\u00e1 v\u00fdprava 2024<\/a><\/li>\r\n        <li><a href=\"https:\/\/srpssibrina.cz\/fotogalerie\/predani-bee-botu-i-s-podlozkami\/\">P\u0159ed\u00e1n\u00ed bee - bot\u016f i s podlo\u017ekami<\/a><\/li>\r\n\r\n<\/ul>\r\n\r\n\t\t\t\t\t\t  <\/div>\r\n\t\t\t\t\t\t<\/div>\r\n\t\t\t\t\t<\/div>\r\n\t\t\t\t\t<!-- Inner panel End -->\r\n\t\t\t\t\t\r\n\t\t\t\t\t\t\t\t\r\n\t\t\t\t\t<!-- Inner panel Start -->\r\n\t\t\t\t\t<div class=\"wpsm_panel wpsm_panel-default\">\r\n\t\t\t\t\t\t<div class=\"wpsm_panel-heading\" role=\"tab\" >\r\n\t\t\t\t\t\t  <h4 class=\"wpsm_panel-title\">\r\n\t\t\t\t\t\t\t<a  class=\"collapsed\"  data-toggle=\"collapse\" data-parent=\"#wpsm_accordion_496 \" href=\"javascript:void(0)\" data-target=\"#ac_496_collapse3\" onclick=\"do_resize()\">\r\n\t\t\t\t\t\t\t\t\t\t\t\t\t\t\t\t\t<span class=\"ac_open_cl_icon fa fa-plus\"><\/span>\r\n\t\t\t\t\t\t\t\t\t\r\n\t\t\t\t\t\t\t\t \r\n\t\t\t\t\t\t\t\t<span class=\"ac_title_class\">\r\n\t\t\t\t\t\t\t\t\t\t\t\t\t\t\t\t\t\t\t\t<span style=\"margin-right:6px;\" class=\"fa fa-photo\"><\/span>\r\n\t\t\t\t\t\t\t\t\t2023\t\t\t\t\t\t\t\t<\/span>\r\n\t\t\t\t\t\t\t<\/a>\r\n\t\t\t\t\t\t  <\/h4>\r\n\t\t\t\t\t\t<\/div>\r\n\t\t\t\t\t\t<div id=\"ac_496_collapse3\" class=\"wpsm_panel-collapse collapse \"  >\r\n\t\t\t\t\t\t  <div class=\"wpsm_panel-body\">\r\n\t\t\t\t\t\t\t<ul>\r\n \t<li class=\"wp-block-heading\"><a href=\"https:\/\/srpssibrina.cz\/fotogalerie\/zacatek-skolniho-roku-2023\/\">Za\u010d\u00e1tek \u0161koln\u00edho roku 2023<\/a><\/li>\r\n \t<li class=\"wp-block-heading\"><a href=\"https:\/\/srpssibrina.cz\/fotogalerie\/drakiada-2023-clanek-a-fotogalerie\/\">Draki\u00e1da 2023<\/a><\/li>\r\n \t<li><a href=\"https:\/\/srpssibrina.cz\/fotogalerie\/strasidelna-vyprava-2023\/\">Stra\u0161ideln\u00e1 v\u00fdprava 2023<\/a><\/li>\r\n \t<li><a href=\"https:\/\/srpssibrina.cz\/fotogalerie\/mikulasske-balicky-2023\/\">Mikul\u00e1\u0161sk\u00e9 bal\u00ed\u010dky 2023<\/a><\/li>\r\n        <li><a href=\"https:\/\/srpssibrina.cz\/fotogalerie\/nakup-a-predani-hudebnich-nastroju\/\">N\u00e1kup a p\u0159ed\u00e1n\u00ed hudebn\u00edch n\u00e1stroj\u016f<\/a><\/li>\r\n        <li><a href=\"https:\/\/srpssibrina.cz\/fotogalerie\/nakup-a-predani-knih-zeme-ceska\/\r\n\">N\u00e1kup a p\u0159ed\u00e1n\u00ed knih Zem\u011b \u010desk\u00e1<\/a><\/li>\r\n<\/ul>\r\n\r\n\r\n\r\n\t\t\t\t\t\t  <\/div>\r\n\t\t\t\t\t\t<\/div>\r\n\t\t\t\t\t<\/div>\r\n\t\t\t\t\t<!-- Inner panel End -->\r\n\t\t\t\t\t\r\n\t\t\t\t\t\t\t<\/div>\r\n\t\t\t\r\n<script type=\"text\/javascript\">\r\n\t\r\n\t\tfunction do_resize(){\r\n\r\n\t\t\tvar width=jQuery( '.wpsm_panel .wpsm_panel-body iframe' ).width();\r\n\t\t\tvar height=jQuery( '.wpsm_panel .wpsm_panel-body iframe' ).height();\r\n\r\n\t\t\tvar toggleSize = true;\r\n\t\t\tjQuery('iframe').animate({\r\n\t\t\t    width: toggleSize ? width : 640,\r\n\t\t\t    height: toggleSize ? height : 360\r\n\t\t\t  }, 250);\r\n\r\n\t\t\t  toggleSize = !toggleSize;\r\n\t\t}\r\n\t\t\r\n<\/script>\t<\/h2>\n","protected":false},"excerpt":{"rendered":"","protected":false},"author":1,"featured_media":0,"parent":0,"menu_order":0,"comment_status":"closed","ping_status":"open","template":"","meta":{"ngg_post_thumbnail":0,"footnotes":""},"class_list":["post-38","page","type-page","status-publish","hentry"],"yoast_head":"<!-- This site is optimized with the Yoast SEO plugin v27.3 - https:\/\/yoast.com\/product\/yoast-seo-wordpress\/ -->\n<title>Fotogalerie - SRP\u0160 Sib\u0159ina<\/title>\n<meta name=\"robots\" content=\"index, follow, max-snippet:-1, max-image-preview:large, max-video-preview:-1\" \/>\n<link rel=\"canonical\" href=\"https:\/\/srpssibrina.cz\/?page_id=38\" \/>\n<meta property=\"og:locale\" content=\"cs_CZ\" \/>\n<meta property=\"og:type\" content=\"article\" \/>\n<meta property=\"og:title\" content=\"Fotogalerie - SRP\u0160 Sib\u0159ina\" \/>\n<meta property=\"og:url\" content=\"https:\/\/srpssibrina.cz\/?page_id=38\" \/>\n<meta property=\"og:site_name\" content=\"SRP\u0160 Sib\u0159ina\" \/>\n<meta property=\"article:publisher\" content=\"https:\/\/www.facebook.com\/61550791108673\/about\/\" \/>\n<meta property=\"article:modified_time\" content=\"2026-04-08T19:08:25+00:00\" \/>\n<meta name=\"twitter:card\" content=\"summary_large_image\" \/>\n<meta name=\"twitter:label1\" content=\"Odhadovan\u00e1 doba \u010dten\u00ed\" \/>\n\t<meta name=\"twitter:data1\" content=\"1 minuta\" \/>\n<script type=\"application\/ld+json\" class=\"yoast-schema-graph\">{\"@context\":\"https:\\\/\\\/schema.org\",\"@graph\":[{\"@type\":\"WebPage\",\"@id\":\"https:\\\/\\\/srpssibrina.cz\\\/?page_id=38\",\"url\":\"https:\\\/\\\/srpssibrina.cz\\\/?page_id=38\",\"name\":\"Fotogalerie - SRP\u0160 Sib\u0159ina\",\"isPartOf\":{\"@id\":\"https:\\\/\\\/srpssibrina.cz\\\/#website\"},\"datePublished\":\"2023-09-26T10:38:31+00:00\",\"dateModified\":\"2026-04-08T19:08:25+00:00\",\"breadcrumb\":{\"@id\":\"https:\\\/\\\/srpssibrina.cz\\\/?page_id=38#breadcrumb\"},\"inLanguage\":\"cs\",\"potentialAction\":[{\"@type\":\"ReadAction\",\"target\":[\"https:\\\/\\\/srpssibrina.cz\\\/?page_id=38\"]}]},{\"@type\":\"BreadcrumbList\",\"@id\":\"https:\\\/\\\/srpssibrina.cz\\\/?page_id=38#breadcrumb\",\"itemListElement\":[{\"@type\":\"ListItem\",\"position\":1,\"name\":\"Dom\u016f\",\"item\":\"https:\\\/\\\/srpssibrina.cz\\\/\"},{\"@type\":\"ListItem\",\"position\":2,\"name\":\"Fotogalerie\"}]},{\"@type\":\"WebSite\",\"@id\":\"https:\\\/\\\/srpssibrina.cz\\\/#website\",\"url\":\"https:\\\/\\\/srpssibrina.cz\\\/\",\"name\":\"SRP\u0160 Sib\u0159ina\",\"description\":\"V\u00edt\u00e1me V\u00e1s na str\u00e1nk\u00e1ch Spolku rodi\u010d\u016f a p\u0159\u00e1tel Z\u0160 a M\u0160 Sib\u0159ina\",\"potentialAction\":[{\"@type\":\"SearchAction\",\"target\":{\"@type\":\"EntryPoint\",\"urlTemplate\":\"https:\\\/\\\/srpssibrina.cz\\\/?s={search_term_string}\"},\"query-input\":{\"@type\":\"PropertyValueSpecification\",\"valueRequired\":true,\"valueName\":\"search_term_string\"}}],\"inLanguage\":\"cs\"}]}<\/script>\n<!-- \/ Yoast SEO plugin. -->","yoast_head_json":{"title":"Fotogalerie - SRP\u0160 Sib\u0159ina","robots":{"index":"index","follow":"follow","max-snippet":"max-snippet:-1","max-image-preview":"max-image-preview:large","max-video-preview":"max-video-preview:-1"},"canonical":"https:\/\/srpssibrina.cz\/?page_id=38","og_locale":"cs_CZ","og_type":"article","og_title":"Fotogalerie - SRP\u0160 Sib\u0159ina","og_url":"https:\/\/srpssibrina.cz\/?page_id=38","og_site_name":"SRP\u0160 Sib\u0159ina","article_publisher":"https:\/\/www.facebook.com\/61550791108673\/about\/","article_modified_time":"2026-04-08T19:08:25+00:00","twitter_card":"summary_large_image","twitter_misc":{"Odhadovan\u00e1 doba \u010dten\u00ed":"1 minuta"},"schema":{"@context":"https:\/\/schema.org","@graph":[{"@type":"WebPage","@id":"https:\/\/srpssibrina.cz\/?page_id=38","url":"https:\/\/srpssibrina.cz\/?page_id=38","name":"Fotogalerie - SRP\u0160 Sib\u0159ina","isPartOf":{"@id":"https:\/\/srpssibrina.cz\/#website"},"datePublished":"2023-09-26T10:38:31+00:00","dateModified":"2026-04-08T19:08:25+00:00","breadcrumb":{"@id":"https:\/\/srpssibrina.cz\/?page_id=38#breadcrumb"},"inLanguage":"cs","potentialAction":[{"@type":"ReadAction","target":["https:\/\/srpssibrina.cz\/?page_id=38"]}]},{"@type":"BreadcrumbList","@id":"https:\/\/srpssibrina.cz\/?page_id=38#breadcrumb","itemListElement":[{"@type":"ListItem","position":1,"name":"Dom\u016f","item":"https:\/\/srpssibrina.cz\/"},{"@type":"ListItem","position":2,"name":"Fotogalerie"}]},{"@type":"WebSite","@id":"https:\/\/srpssibrina.cz\/#website","url":"https:\/\/srpssibrina.cz\/","name":"SRP\u0160 Sib\u0159ina","description":"V\u00edt\u00e1me V\u00e1s na str\u00e1nk\u00e1ch Spolku rodi\u010d\u016f a p\u0159\u00e1tel Z\u0160 a M\u0160 Sib\u0159ina","potentialAction":[{"@type":"SearchAction","target":{"@type":"EntryPoint","urlTemplate":"https:\/\/srpssibrina.cz\/?s={search_term_string}"},"query-input":{"@type":"PropertyValueSpecification","valueRequired":true,"valueName":"search_term_string"}}],"inLanguage":"cs"}]}},"_links":{"self":[{"href":"https:\/\/srpssibrina.cz\/index.php?rest_route=\/wp\/v2\/pages\/38","targetHints":{"allow":["GET"]}}],"collection":[{"href":"https:\/\/srpssibrina.cz\/index.php?rest_route=\/wp\/v2\/pages"}],"about":[{"href":"https:\/\/srpssibrina.cz\/index.php?rest_route=\/wp\/v2\/types\/page"}],"author":[{"embeddable":true,"href":"https:\/\/srpssibrina.cz\/index.php?rest_route=\/wp\/v2\/users\/1"}],"replies":[{"embeddable":true,"href":"https:\/\/srpssibrina.cz\/index.php?rest_route=%2Fwp%2Fv2%2Fcomments&post=38"}],"version-history":[{"count":13,"href":"https:\/\/srpssibrina.cz\/index.php?rest_route=\/wp\/v2\/pages\/38\/revisions"}],"predecessor-version":[{"id":7289,"href":"https:\/\/srpssibrina.cz\/index.php?rest_route=\/wp\/v2\/pages\/38\/revisions\/7289"}],"wp:attachment":[{"href":"https:\/\/srpssibrina.cz\/index.php?rest_route=%2Fwp%2Fv2%2Fmedia&parent=38"}],"curies":[{"name":"wp","href":"https:\/\/api.w.org\/{rel}","templated":true}]}}