{"id":7,"date":"2023-09-26T09:04:07","date_gmt":"2023-09-26T09:04:07","guid":{"rendered":"http:\/\/srpssibrina.cz\/?page_id=7"},"modified":"2026-04-08T21:09:04","modified_gmt":"2026-04-08T19:09:04","slug":"o-nas","status":"publish","type":"page","link":"https:\/\/srpssibrina.cz\/?page_id=7","title":{"rendered":"O n\u00e1s"},"content":{"rendered":"\n<p><strong>Tento spolek &nbsp;zalo\u017eili:<\/strong> Franti\u0161ek P\u00e1nek, Kate\u0159ina Komancov\u00e1 a Mark\u00e9ta Klapkov\u00e1 v z\u00e1\u0159\u00ed 2023.&nbsp;<\/p>\n\n\n\n<p>\u010cleny na\u0161eho spolku jsou zejm\u00e9na rodi\u010de a p\u0159\u00e1tel\u00e9 na\u0161\u00ed \u0161koly.<\/p>\n\n\n\n<p>N\u00e1\u0161 spolek funguje na pricnipu tzvn. SRP\u0160, kter\u00e1 jsou vesm\u011bs na v\u0161ech \u0161kol\u00e1ch ji\u017e tradi\u010dn\u011b zavedena, ale v na\u0161\u00ed nov\u011b zalo\u017een\u00e9 \u0161kole chyb\u011bl.<\/p>\n\n\n\n<p>P\u0159ikl\u00e1d\u00e1me prezenta\u010dn\u00ed materi\u00e1l spolku, kter\u00fd podrobn\u011bji seznamuje s na\u0161imi aktivitami.<\/p>\n\n\n\n<p><\/p>\n\n\n\n<p><strong><a href=\"https:\/\/srpssibrina.cz\/wp-content\/uploads\/2023\/09\/Prezentacni-material-spolku.pdf\">prezenta\u010dn\u00ed materi\u00e1l spolku<\/a><\/strong><\/p>\n\n\n\n<p><\/p>\n\n\n\n<p><strong>Logo na\u0161eho spolku<\/strong><\/p>\n\n\n\n<figure class=\"wp-block-image size-large is-resized\"><img decoding=\"async\" src=\"https:\/\/srpssibrina.cz\/wp-content\/uploads\/2023\/09\/srps_sibrina-1024x1024.png\" alt=\"\" class=\"wp-image-49\" style=\"width:250px\" width=\"250\"\/><\/figure>\n\n\n\n<p>Logo na\u0161eho spolku graficky navazuje na logo na\u0161\u00ed \u0161kolky a \u0161koly.<\/p>\n\n\n\n<p>Logo vytvo\u0159il bez n\u00e1roku na honor\u00e1\u0159 Jakub Ka\u0161par v z\u00e1\u0159\u00ed 2023.<\/p>\n\n\n\n<p>D\u011bkujeme za pomoc<\/p>\n","protected":false},"excerpt":{"rendered":"<p>Tento spolek &nbsp;zalo\u017eili: Franti\u0161ek P\u00e1nek, Kate\u0159ina Komancov\u00e1 a Mark\u00e9ta Klapkov\u00e1 v z\u00e1\u0159\u00ed 2023.&nbsp; \u010cleny na\u0161eho spolku jsou zejm\u00e9na rodi\u010de a p\u0159\u00e1tel\u00e9 na\u0161\u00ed \u0161koly. N\u00e1\u0161 spolek funguje na pricnipu tzvn. SRP\u0160, &hellip;<br \/><a href=\"https:\/\/srpssibrina.cz\/?page_id=7\" class=\"more-link pen_button pen_element_default pen_icon_arrow_double\">Pokra\u010dovat ve\u00a0\u010dten\u00ed <span class=\"screen-reader-text\">O n\u00e1s<\/span><\/a><\/p>\n","protected":false},"author":1,"featured_media":0,"parent":0,"menu_order":0,"comment_status":"closed","ping_status":"open","template":"","meta":{"ngg_post_thumbnail":0,"footnotes":""},"class_list":["post-7","page","type-page","status-publish","hentry"],"yoast_head":"<!-- This site is optimized with the Yoast SEO plugin v27.3 - https:\/\/yoast.com\/product\/yoast-seo-wordpress\/ -->\n<title>O n\u00e1s - SRP\u0160 Sib\u0159ina<\/title>\n<meta name=\"robots\" content=\"index, follow, max-snippet:-1, max-image-preview:large, max-video-preview:-1\" \/>\n<link rel=\"canonical\" href=\"https:\/\/srpssibrina.cz\/?page_id=7\" \/>\n<meta property=\"og:locale\" content=\"cs_CZ\" \/>\n<meta property=\"og:type\" content=\"article\" \/>\n<meta property=\"og:title\" content=\"O n\u00e1s - SRP\u0160 Sib\u0159ina\" \/>\n<meta property=\"og:description\" content=\"Tento spolek &nbsp;zalo\u017eili: Franti\u0161ek P\u00e1nek, Kate\u0159ina Komancov\u00e1 a Mark\u00e9ta Klapkov\u00e1 v z\u00e1\u0159\u00ed 2023.&nbsp; \u010cleny na\u0161eho spolku jsou zejm\u00e9na rodi\u010de a p\u0159\u00e1tel\u00e9 na\u0161\u00ed \u0161koly. N\u00e1\u0161 spolek funguje na pricnipu tzvn. SRP\u0160, &hellip;Pokra\u010dovat ve\u00a0\u010dten\u00ed O n\u00e1s\" \/>\n<meta property=\"og:url\" content=\"https:\/\/srpssibrina.cz\/?page_id=7\" \/>\n<meta property=\"og:site_name\" content=\"SRP\u0160 Sib\u0159ina\" \/>\n<meta property=\"article:publisher\" content=\"https:\/\/www.facebook.com\/61550791108673\/about\/\" \/>\n<meta property=\"article:modified_time\" content=\"2026-04-08T19:09:04+00:00\" \/>\n<meta property=\"og:image\" content=\"http:\/\/srpssibrina.cz\/wp-content\/uploads\/2023\/09\/srps_sibrina-1024x1024.png\" \/>\n<meta name=\"twitter:card\" content=\"summary_large_image\" \/>\n<script type=\"application\/ld+json\" class=\"yoast-schema-graph\">{\"@context\":\"https:\\\/\\\/schema.org\",\"@graph\":[{\"@type\":\"WebPage\",\"@id\":\"https:\\\/\\\/srpssibrina.cz\\\/?page_id=7\",\"url\":\"https:\\\/\\\/srpssibrina.cz\\\/?page_id=7\",\"name\":\"O n\u00e1s - SRP\u0160 Sib\u0159ina\",\"isPartOf\":{\"@id\":\"https:\\\/\\\/srpssibrina.cz\\\/#website\"},\"primaryImageOfPage\":{\"@id\":\"https:\\\/\\\/srpssibrina.cz\\\/?page_id=7#primaryimage\"},\"image\":{\"@id\":\"https:\\\/\\\/srpssibrina.cz\\\/?page_id=7#primaryimage\"},\"thumbnailUrl\":\"http:\\\/\\\/srpssibrina.cz\\\/wp-content\\\/uploads\\\/2023\\\/09\\\/srps_sibrina-1024x1024.png\",\"datePublished\":\"2023-09-26T09:04:07+00:00\",\"dateModified\":\"2026-04-08T19:09:04+00:00\",\"breadcrumb\":{\"@id\":\"https:\\\/\\\/srpssibrina.cz\\\/?page_id=7#breadcrumb\"},\"inLanguage\":\"cs\",\"potentialAction\":[{\"@type\":\"ReadAction\",\"target\":[\"https:\\\/\\\/srpssibrina.cz\\\/?page_id=7\"]}]},{\"@type\":\"ImageObject\",\"inLanguage\":\"cs\",\"@id\":\"https:\\\/\\\/srpssibrina.cz\\\/?page_id=7#primaryimage\",\"url\":\"http:\\\/\\\/srpssibrina.cz\\\/wp-content\\\/uploads\\\/2023\\\/09\\\/srps_sibrina-1024x1024.png\",\"contentUrl\":\"http:\\\/\\\/srpssibrina.cz\\\/wp-content\\\/uploads\\\/2023\\\/09\\\/srps_sibrina-1024x1024.png\"},{\"@type\":\"BreadcrumbList\",\"@id\":\"https:\\\/\\\/srpssibrina.cz\\\/?page_id=7#breadcrumb\",\"itemListElement\":[{\"@type\":\"ListItem\",\"position\":1,\"name\":\"Dom\u016f\",\"item\":\"https:\\\/\\\/srpssibrina.cz\\\/\"},{\"@type\":\"ListItem\",\"position\":2,\"name\":\"O n\u00e1s\"}]},{\"@type\":\"WebSite\",\"@id\":\"https:\\\/\\\/srpssibrina.cz\\\/#website\",\"url\":\"https:\\\/\\\/srpssibrina.cz\\\/\",\"name\":\"SRP\u0160 Sib\u0159ina\",\"description\":\"V\u00edt\u00e1me V\u00e1s na str\u00e1nk\u00e1ch Spolku rodi\u010d\u016f a p\u0159\u00e1tel Z\u0160 a M\u0160 Sib\u0159ina\",\"potentialAction\":[{\"@type\":\"SearchAction\",\"target\":{\"@type\":\"EntryPoint\",\"urlTemplate\":\"https:\\\/\\\/srpssibrina.cz\\\/?s={search_term_string}\"},\"query-input\":{\"@type\":\"PropertyValueSpecification\",\"valueRequired\":true,\"valueName\":\"search_term_string\"}}],\"inLanguage\":\"cs\"}]}<\/script>\n<!-- \/ Yoast SEO plugin. -->","yoast_head_json":{"title":"O n\u00e1s - SRP\u0160 Sib\u0159ina","robots":{"index":"index","follow":"follow","max-snippet":"max-snippet:-1","max-image-preview":"max-image-preview:large","max-video-preview":"max-video-preview:-1"},"canonical":"https:\/\/srpssibrina.cz\/?page_id=7","og_locale":"cs_CZ","og_type":"article","og_title":"O n\u00e1s - SRP\u0160 Sib\u0159ina","og_description":"Tento spolek &nbsp;zalo\u017eili: Franti\u0161ek P\u00e1nek, Kate\u0159ina Komancov\u00e1 a Mark\u00e9ta Klapkov\u00e1 v z\u00e1\u0159\u00ed 2023.&nbsp; \u010cleny na\u0161eho spolku jsou zejm\u00e9na rodi\u010de a p\u0159\u00e1tel\u00e9 na\u0161\u00ed \u0161koly. N\u00e1\u0161 spolek funguje na pricnipu tzvn. SRP\u0160, &hellip;Pokra\u010dovat ve\u00a0\u010dten\u00ed O n\u00e1s","og_url":"https:\/\/srpssibrina.cz\/?page_id=7","og_site_name":"SRP\u0160 Sib\u0159ina","article_publisher":"https:\/\/www.facebook.com\/61550791108673\/about\/","article_modified_time":"2026-04-08T19:09:04+00:00","og_image":[{"url":"http:\/\/srpssibrina.cz\/wp-content\/uploads\/2023\/09\/srps_sibrina-1024x1024.png","type":"","width":"","height":""}],"twitter_card":"summary_large_image","schema":{"@context":"https:\/\/schema.org","@graph":[{"@type":"WebPage","@id":"https:\/\/srpssibrina.cz\/?page_id=7","url":"https:\/\/srpssibrina.cz\/?page_id=7","name":"O n\u00e1s - SRP\u0160 Sib\u0159ina","isPartOf":{"@id":"https:\/\/srpssibrina.cz\/#website"},"primaryImageOfPage":{"@id":"https:\/\/srpssibrina.cz\/?page_id=7#primaryimage"},"image":{"@id":"https:\/\/srpssibrina.cz\/?page_id=7#primaryimage"},"thumbnailUrl":"http:\/\/srpssibrina.cz\/wp-content\/uploads\/2023\/09\/srps_sibrina-1024x1024.png","datePublished":"2023-09-26T09:04:07+00:00","dateModified":"2026-04-08T19:09:04+00:00","breadcrumb":{"@id":"https:\/\/srpssibrina.cz\/?page_id=7#breadcrumb"},"inLanguage":"cs","potentialAction":[{"@type":"ReadAction","target":["https:\/\/srpssibrina.cz\/?page_id=7"]}]},{"@type":"ImageObject","inLanguage":"cs","@id":"https:\/\/srpssibrina.cz\/?page_id=7#primaryimage","url":"http:\/\/srpssibrina.cz\/wp-content\/uploads\/2023\/09\/srps_sibrina-1024x1024.png","contentUrl":"http:\/\/srpssibrina.cz\/wp-content\/uploads\/2023\/09\/srps_sibrina-1024x1024.png"},{"@type":"BreadcrumbList","@id":"https:\/\/srpssibrina.cz\/?page_id=7#breadcrumb","itemListElement":[{"@type":"ListItem","position":1,"name":"Dom\u016f","item":"https:\/\/srpssibrina.cz\/"},{"@type":"ListItem","position":2,"name":"O n\u00e1s"}]},{"@type":"WebSite","@id":"https:\/\/srpssibrina.cz\/#website","url":"https:\/\/srpssibrina.cz\/","name":"SRP\u0160 Sib\u0159ina","description":"V\u00edt\u00e1me V\u00e1s na str\u00e1nk\u00e1ch Spolku rodi\u010d\u016f a p\u0159\u00e1tel Z\u0160 a M\u0160 Sib\u0159ina","potentialAction":[{"@type":"SearchAction","target":{"@type":"EntryPoint","urlTemplate":"https:\/\/srpssibrina.cz\/?s={search_term_string}"},"query-input":{"@type":"PropertyValueSpecification","valueRequired":true,"valueName":"search_term_string"}}],"inLanguage":"cs"}]}},"_links":{"self":[{"href":"https:\/\/srpssibrina.cz\/index.php?rest_route=\/wp\/v2\/pages\/7","targetHints":{"allow":["GET"]}}],"collection":[{"href":"https:\/\/srpssibrina.cz\/index.php?rest_route=\/wp\/v2\/pages"}],"about":[{"href":"https:\/\/srpssibrina.cz\/index.php?rest_route=\/wp\/v2\/types\/page"}],"author":[{"embeddable":true,"href":"https:\/\/srpssibrina.cz\/index.php?rest_route=\/wp\/v2\/users\/1"}],"replies":[{"embeddable":true,"href":"https:\/\/srpssibrina.cz\/index.php?rest_route=%2Fwp%2Fv2%2Fcomments&post=7"}],"version-history":[{"count":4,"href":"https:\/\/srpssibrina.cz\/index.php?rest_route=\/wp\/v2\/pages\/7\/revisions"}],"predecessor-version":[{"id":7287,"href":"https:\/\/srpssibrina.cz\/index.php?rest_route=\/wp\/v2\/pages\/7\/revisions\/7287"}],"wp:attachment":[{"href":"https:\/\/srpssibrina.cz\/index.php?rest_route=%2Fwp%2Fv2%2Fmedia&parent=7"}],"curies":[{"name":"wp","href":"https:\/\/api.w.org\/{rel}","templated":true}]}}